{"id":106,"date":"2021-06-30T11:16:07","date_gmt":"2021-06-30T11:16:07","guid":{"rendered":"https:\/\/detergentes.berolkemi.es\/?page_id=106"},"modified":"2021-10-25T17:58:55","modified_gmt":"2021-10-25T17:58:55","slug":"detergentes-automocion","status":"publish","type":"page","link":"https:\/\/detergentes.berolkemi.es\/index.php\/detergentes-automocion\/","title":{"rendered":"DETERGENTES AUTOMOCI\u00d3N"},"content":{"rendered":"\n<h2 class=\"has-text-align-center has-large-font-size wp-block-heading\"><strong><span class=\"has-inline-color has-vivid-cyan-blue-color\">DETERGENTES AUTOMOCI\u00d3N <\/span><\/strong><\/h2>\n\n\n\n<h2 class=\"has-text-align-center has-medium-font-size wp-block-heading\"><strong><u> DETERGENTES  ALCALINOS<\/u><\/strong><\/h2>\n\n\n\n<figure class=\"wp-block-table is-style-stripes\"><table><tbody><tr><td><img fetchpriority=\"high\" decoding=\"async\" width=\"400\" height=\"444\" class=\"wp-image-453\" style=\"width: 400px;\" src=\"https:\/\/detergentes.berolkemi.es\/wp-content\/uploads\/2021\/10\/exteriro-presion-pq-web.jpg\" alt=\"\"><\/td><td><strong>Limpieza desengrasante en general de suciedades de todo tipo, en coches, camiones, autocares, chapas, carrocer\u00edas, bajos, talleres, toldos, lonas, motores, maquinaria de obras p\u00fablicas, limpieza de camiones isotermos \u00a0de transportes de alimentos, cisternas, trailers, boxes de lavado,<\/strong><\/td><\/tr><\/tbody><\/table><\/figure>\n\n\n\n<figure id=\"detergentesalcalinos\" class=\"wp-block-table is-style-regular\"><table class=\"has-black-color has-text-color\"><tbody><tr><td><span class=\"has-inline-color has-cyan-bluish-gray-color\"><strong>BEROL 9<\/strong>:&nbsp;&nbsp;&nbsp;<\/span>&nbsp;Desengrasante de color <strong>azul<\/strong> <strong>multiusos<\/strong>, de espuma moderada, &nbsp;para limpieza y desengrase de &nbsp;carrocer\u00edas, chapas, poluci\u00f3n, motores,&nbsp;suelos, toldos lonas, llantas, tapicer\u00edas y cualquier superficie lavable. Elimina manchas de polucion atmosf\u00e9rica y  mosquitos incrustados sin frotar.<br><span class=\"has-inline-color has-cyan-bluish-gray-color\"><strong>BEROL 07<\/strong>:<\/span> Desengrasante de color <strong>rojo<\/strong>, muy <strong>espumante <\/strong>para limpieza y desengrase de carrocer\u00edas, motores, &nbsp;en autocares, camiones, tr\u00e1iler,&nbsp;muy indicado en boxes de lavado, dado que elimina la suciedad sin frotar si se utilzia agua caliente. etc.<br><strong><span class=\"has-inline-color has-cyan-bluish-gray-color\">BEROL 29 :<\/span><span style=\"color:#0055a3\" class=\"has-inline-color\">&nbsp;<\/span><\/strong>Desengrasante &nbsp;de color <strong>marr\u00f3n<\/strong>, de <strong>espuma moderada<\/strong> especialmente &nbsp;indicado para limpieza y desengrase de motores con agua caliente.<br><span class=\"has-inline-color has-cyan-bluish-gray-color\"><strong>BEROL H.T:<\/strong>&nbsp;<\/span>Desengrasante &nbsp;de color <strong>marr\u00f3n<\/strong>, de car\u00e1cter en\u00e9rgico para <strong>limpiezas fuertes,<\/strong> elimina todo tipo de suciedades y grasas en &nbsp;maquinaria de obra publica, tractores, camiones, &nbsp;viales, carteler\u00eda y se\u00f1alizaci\u00f3n, motores, suelos, etc.<br><strong><span class=\"has-inline-color has-cyan-bluish-gray-color\">BEROL A.R:&nbsp;<\/span><\/strong>Desengrasante de color <strong>naranja<\/strong>, ligeramente alcalino de car\u00e1cter <strong>espumante<\/strong>, para limpieza de <strong>aluminios,<\/strong> acero inoxidable, radiadores,&nbsp;bater\u00edas de refrigeriac\u00f3n, circuitos. Su espuma se sujeta a las superficies verticales, aguantando mas tiempo sobre ellas y facilitando la eliminaci\u00f3n de suciedades sin frotar.<br><strong><span class=\"has-inline-color has-cyan-bluish-gray-color\">BEROL 10:&nbsp;<\/span><\/strong>Desengrasante de color <strong>verde<\/strong>, ligeramente <strong>perfumado<\/strong>, multiusos <strong>econ\u00f3mico<\/strong>, de similares caracteristicas al Berol 9.<br><strong><span class=\"has-inline-color has-cyan-bluish-gray-color\">BEROL 37:<\/span>&nbsp;<\/strong>Desengrasante de color <strong>rosa<\/strong>,  desengrasante en\u00e9rgico econ\u00f3mico. para todo tipo de limpiezas.<\/td><\/tr><\/tbody><\/table><\/figure>\n\n\n\n<h2 class=\"has-text-align-center has-medium-font-size wp-block-heading\"><strong><u>DESPARAFINANTES<\/u><\/strong><\/h2>\n\n\n\n<figure class=\"wp-block-table is-style-stripes\"><table><tbody><tr><td><img decoding=\"async\" src=\"https:\/\/detergentes.berolkemi.es\/wp-content\/uploads\/2021\/10\/lavdo-coche2-pq.jpg\" alt=\"\" style=\"width: 400px;\"><\/td><td> <strong>Eliminaci\u00f3n de pel\u00edculas protectoras de veh\u00edculos nuevos, para todas las marcas, eliminadores de manchas y \u00f3xidos en ceras y parafinas, incrustaciones calc\u00e1reas, y las producidas por la catenaria. Productos homologados por varias marcas de fabricantes de veh\u00edculos.  <\/strong><\/td><\/tr><\/tbody><\/table><\/figure>\n\n\n\n<p class=\"has-text-align-center\"><img decoding=\"async\" src=\"http:\/\/www.berolkemi.es\/images\/ALFA-ROMEO.jpg\" alt=\"\"><img decoding=\"async\" src=\"http:\/\/www.berolkemi.es\/images\/AUDI.jpg\" alt=\"\"><img decoding=\"async\" src=\"http:\/\/www.berolkemi.es\/images\/BMW.jpg\" alt=\"\"><img decoding=\"async\" src=\"http:\/\/www.berolkemi.es\/images\/CHEVROLET.jpg\" alt=\"\"><img decoding=\"async\" src=\"http:\/\/www.berolkemi.es\/images\/CITROEN.jpg\" alt=\"\"><img decoding=\"async\" src=\"http:\/\/www.berolkemi.es\/images\/JAGUAR.jpg\" alt=\"\"><img decoding=\"async\" src=\"http:\/\/www.berolkemi.es\/images\/FORD.jpg\" alt=\"\"><img decoding=\"async\" src=\"http:\/\/www.berolkemi.es\/images\/FIAT.jpg\" alt=\"\"><img decoding=\"async\" src=\"http:\/\/www.berolkemi.es\/images\/MAZDA.jpg\" alt=\"\"><img decoding=\"async\" src=\"http:\/\/www.berolkemi.es\/images\/LANCIA.jpg\" alt=\"\"><img decoding=\"async\" src=\"http:\/\/www.berolkemi.es\/images\/KIA.jpg\" alt=\"\"><img decoding=\"async\" src=\"http:\/\/www.berolkemi.es\/images\/MITSHUBITSI.jpg\" alt=\"\"><img decoding=\"async\" src=\"http:\/\/www.berolkemi.es\/images\/NISSAN.jpg\" alt=\"\"><img decoding=\"async\" src=\"http:\/\/www.berolkemi.es\/images\/PEUGEOT.jpg\" alt=\"\">   <img decoding=\"async\" src=\"http:\/\/www.berolkemi.es\/images\/OPEL2009-06-01_113043.jpg\" alt=\"\"><img decoding=\"async\" src=\"http:\/\/www.berolkemi.es\/images\/SKODA.jpg\" alt=\"\"><img decoding=\"async\" src=\"http:\/\/www.berolkemi.es\/images\/SEAT.jpg\" alt=\"\"><img decoding=\"async\" src=\"http:\/\/www.berolkemi.es\/images\/SANGYOUNG.jpg\" alt=\"\"><img decoding=\"async\" src=\"http:\/\/www.berolkemi.es\/images\/RENAULT.jpg\" alt=\"\"><img decoding=\"async\" src=\"http:\/\/www.berolkemi.es\/images\/VOLFWAGEN.jpg\" alt=\"\"><img decoding=\"async\" src=\"http:\/\/www.berolkemi.es\/images\/TOYOTA.jpg\" alt=\"\"><img decoding=\"async\" src=\"http:\/\/www.berolkemi.es\/images\/VOLVO.jpg\" alt=\"\"><img decoding=\"async\" src=\"http:\/\/www.berolkemi.es\/images\/MERCEDES.jpg\" alt=\"\"><\/p>\n\n\n\n<figure class=\"wp-block-table is-style-regular\"><table><tbody><tr><td> <strong><span class=\"has-inline-color has-cyan-bluish-gray-color\">BEROL COPOLIMER:\u00a0<\/span><\/strong>Desengrasante eliminador de copol\u00edmeros de protecci\u00f3n. Renault, Grupo PSA, Opel,  Nissan, Suzuki.<br><strong><span class=\"has-inline-color has-cyan-bluish-gray-color\">BEROL 200:<\/span><\/strong>\u00a0Eliminador de incrustaciones de oxido en carrocer\u00edas, producidas por la cartenaria en los veh\u00edculos transportados en tren.<br><span class=\"has-inline-color has-cyan-bluish-gray-color\"><strong>BEROL 180:<\/strong>\u00a0<\/span>Eliminador de restos de parafinas en base solvente. Indicado para Honda, Mazda, Hyundai, Kia <\/td><\/tr><\/tbody><\/table><\/figure>\n\n\n\n<p><\/p>\n\n\n\n<h2 class=\"alignfull has-text-align-center has-medium-font-size wp-block-heading\"> <strong><u>PRODUCTOS PARA LAVADO AUTOMATICO Y MANUAL<\/u><\/strong><\/h2>\n\n\n\n<figure class=\"wp-block-table is-style-stripes\"><table><tbody><tr><td><img decoding=\"async\" src=\"https:\/\/detergentes.berolkemi.es\/wp-content\/uploads\/2021\/10\/MINI-AUTO-LAVADO.jpg\" alt=\"\" style=\"width: 400px;\"><\/td><td><strong> Limpieza <\/strong>de veh\u00edculos en <strong>t\u00fanel <\/strong>de <strong>lavado <\/strong>autom\u00e1tico y manualmente, centros de lavado y <strong>boxes <\/strong>de lavado a <strong>presi\u00f3n<\/strong>, eliminaci\u00f3n de mosquitos, <strong>prelavados<\/strong>, champ\u00fas &nbsp;normales y super activados, <strong>ceras <\/strong>de secado hidro-fugantes, champ\u00fas con brillo.  <\/td><td><\/td><\/tr><\/tbody><\/table><\/figure>\n\n\n\n<figure class=\"wp-block-table is-style-regular\"><table><tbody><tr><td><span class=\"has-inline-color has-cyan-bluish-gray-color\"><strong>BEROL PRELAVADO:<\/strong>&nbsp;<\/span>detergente para prelavado y limpieza de mosquitos en la entrada de t\u00fanel de lavado.<strong><br><span class=\"has-inline-color has-cyan-bluish-gray-color\">BEROL CAR:<\/span><\/strong><span style=\"color:#f808b0\" class=\"has-inline-color\">&nbsp;<\/span>Champ\u00fa concentrado neutro rosa y viscoso, &nbsp;para lavado de carrocer\u00edas manual y en t\u00fanel de lavado.<br><strong><span class=\"has-inline-color has-cyan-bluish-gray-color\">BEROL SUPER ACTIVO:&nbsp;<\/span><\/strong>Champ\u00fa concentrado neutro verde muy espumante activado para lavado en t\u00fanel de lavado.<br><strong><span class=\"has-inline-color has-cyan-bluish-gray-color\">BEROL CHAMPUCAR:<\/span><\/strong><span class=\"has-inline-color has-cyan-bluish-gray-color\">&nbsp;<\/span>Champ\u00fa neutro amarillo l\u00edquido, para uso manual, t\u00fanel o boxes.<br><strong><span class=\"has-inline-color has-cyan-bluish-gray-color\">BEROL &nbsp;WASX:<\/span><span style=\"color:#a32400\" class=\"has-inline-color\">&nbsp;<\/span><\/strong>Cera l\u00edquida \u00e1mbar, para &nbsp;secado en t\u00fanel de lavado autom\u00e1tico y de manera manual.<br><strong><span class=\"has-inline-color has-cyan-bluish-gray-color\">BEROL WASX SUPER:<\/span><\/strong>&nbsp;Cera concentrada l\u00edquida marr\u00f3n &nbsp;para secado de autom\u00f3viles en t\u00fanel de lavado autom\u00e1tico.<br><strong><span class=\"has-inline-color has-cyan-bluish-gray-color\">BEROL W. S POLIS:<\/span><\/strong><span class=\"has-inline-color has-vivid-red-color\">&nbsp;<\/span>Cera Super concentrada para secado-abrillantado de carrocer\u00edas en t\u00fanel de lavado autom\u00e1tico.<\/td><td><\/td><\/tr><\/tbody><\/table><\/figure>\n\n\n\n<p class=\"has-text-align-center has-medium-font-size\"><strong><u><span class=\"has-inline-color has-vivid-cyan-blue-color\">PRODUCTOS PARA VEH\u00cdCULOS DE OCASION <\/span><\/u><\/strong><\/p>\n\n\n\n<figure class=\"wp-block-table is-style-stripes\"><table class=\"has-background\" style=\"background-color:#e7f5fe\"><tbody><tr><td class=\"has-text-align-center\" data-align=\"center\"><\/td><td class=\"has-text-align-left\" data-align=\"left\"><strong><em><span class=\"has-inline-color has-vivid-purple-color\">ABRILLANTADORES DE INTERIORES Y GOMAS EXTERIORES<\/span><\/em><\/strong><\/td><\/tr><tr><td class=\"has-text-align-center\" data-align=\"center\"><img decoding=\"async\" width=\"150\" height=\"141\" class=\"wp-image-439\" style=\"width: 150px;\" src=\"https:\/\/detergentes.berolkemi.es\/wp-content\/uploads\/2021\/10\/SALPICADERO.jpg\" alt=\"\"><\/td><td class=\"has-text-align-left\" data-align=\"left\"><span class=\"has-inline-color has-cyan-bluish-gray-color\"><strong>BRILLO SALPICADERO:<\/strong>&nbsp;<\/span>Abrillantador de salpicaderos y pl\u00e1sticos con silicona, olor lim\u00f3n ,  fresa o lavanda, base solvente.<br><span class=\"has-inline-color has-cyan-bluish-gray-color\"><strong>BEROL RENOVADOR<\/strong>: <\/span>Producto renovador abrillantador de salpicaderos, olor lim\u00f3n, base agua.<br><strong><span class=\"has-inline-color has-cyan-bluish-gray-color\">NEW BRILL:<\/span><\/strong>&nbsp;Abrillantador especial de gomas de neum\u00e1ticos en base agua.<br><span class=\"has-inline-color has-cyan-bluish-gray-color\"><strong>BRILLO RUEDAS<\/strong>: <\/span>abrillantador en base solvente para  ruedas  y gomas de neumaticos. <\/td><\/tr><tr><td class=\"has-text-align-center\" data-align=\"center\"><\/td><td class=\"has-text-align-left\" data-align=\"left\"><strong><em><span class=\"has-inline-color has-vivid-purple-color\">LIMPIEZA DE TAPCERIAS INTERIORES Y CUERO<\/span><\/em><\/strong><\/td><\/tr><tr><td class=\"has-text-align-center\" data-align=\"center\"><img decoding=\"async\" width=\"150\" height=\"103\" class=\"wp-image-440\" style=\"width: 150px;\" src=\"https:\/\/detergentes.berolkemi.es\/wp-content\/uploads\/2021\/10\/TAPICERIAS.jpg\" alt=\"\" srcset=\"https:\/\/detergentes.berolkemi.es\/wp-content\/uploads\/2021\/10\/TAPICERIAS.jpg 305w, https:\/\/detergentes.berolkemi.es\/wp-content\/uploads\/2021\/10\/TAPICERIAS-300x207.jpg 300w\" sizes=\"(max-width: 150px) 100vw, 150px\" \/><\/td><td class=\"has-text-align-left\" data-align=\"left\"><span class=\"has-inline-color has-cyan-bluish-gray-color\"><strong>BEROL L.T:<\/strong> <\/span>Limpiador de baja espuma, concenrtado eprfumado, para limpeiza de tapicieras, asientos, moquetas, alfombrillas, alfombras, mediante m\u00e1quina de inyecci\u00f3n extraci\u00f3n o manualmente.<\/td><\/tr><tr><td class=\"has-text-align-center\" data-align=\"center\"><\/td><td class=\"has-text-align-left\" data-align=\"left\"><strong><em><span class=\"has-inline-color has-vivid-purple-color\">MANTENIMIENTO DE  LLANTAS<\/span><\/em><\/strong><\/td><\/tr><tr><td class=\"has-text-align-center\" data-align=\"center\"><img loading=\"lazy\" decoding=\"async\" width=\"150\" height=\"113\" class=\"wp-image-441\" style=\"width: 150px;\" src=\"https:\/\/detergentes.berolkemi.es\/wp-content\/uploads\/2021\/10\/14042011064.jpg\" alt=\"\" srcset=\"https:\/\/detergentes.berolkemi.es\/wp-content\/uploads\/2021\/10\/14042011064.jpg 2048w, https:\/\/detergentes.berolkemi.es\/wp-content\/uploads\/2021\/10\/14042011064-300x225.jpg 300w, https:\/\/detergentes.berolkemi.es\/wp-content\/uploads\/2021\/10\/14042011064-1024x768.jpg 1024w, https:\/\/detergentes.berolkemi.es\/wp-content\/uploads\/2021\/10\/14042011064-768x576.jpg 768w, https:\/\/detergentes.berolkemi.es\/wp-content\/uploads\/2021\/10\/14042011064-1536x1152.jpg 1536w\" sizes=\"(max-width: 150px) 100vw, 150px\" \/><\/td><td class=\"has-text-align-left\" data-align=\"left\"><strong><span class=\"has-inline-color has-cyan-bluish-gray-color\">BEROL LLANTAS:<\/span>&nbsp;<\/strong>Detergente \u00e1cido limpiador de llantas especial, &nbsp;elimina ferodo pegado y manchas de todo tipo.<br><strong><span class=\"has-inline-color has-cyan-bluish-gray-color\">BEROL LLANTAS L01:<\/span><\/strong>&nbsp;Detergente alcalino&nbsp;limpiador de llantas,uso al 20%.&nbsp;Elimina ferodo y suciedades  practicamente sin  frotar.<br><\/td><\/tr><tr><td class=\"has-text-align-center\" data-align=\"center\"><\/td><td class=\"has-text-align-left\" data-align=\"left\"><strong><em><span class=\"has-inline-color has-vivid-purple-color\">LIMPIA CRISTALES Y AMBIENTADORES<\/span><\/em><\/strong><\/td><\/tr><tr><td class=\"has-text-align-center\" data-align=\"center\"><img loading=\"lazy\" decoding=\"async\" width=\"200\" height=\"112\" class=\"wp-image-525\" style=\"width: 200px;\" src=\"https:\/\/detergentes.berolkemi.es\/wp-content\/uploads\/2021\/10\/Limpieza-Cristales.jpg\" alt=\"\"><br><img loading=\"lazy\" decoding=\"async\" width=\"70\" height=\"57\" class=\"wp-image-526\" style=\"width: 70px;\" src=\"https:\/\/detergentes.berolkemi.es\/wp-content\/uploads\/2021\/10\/Rosa-1-pq.jpg\" alt=\"\"><\/td><td class=\"has-text-align-left\" data-align=\"left\"><br><strong><span class=\"has-inline-color has-cyan-bluish-gray-color\">BEROL CRISTALIM:<\/span><\/strong>&nbsp;Limpia cristales concentrado desengrasante uso al 50%.<br><strong><span class=\"has-inline-color has-cyan-bluish-gray-color\">BEROL 706:<\/span><\/strong><span class=\"has-inline-color has-white-color\">&nbsp;<\/span>Ambientador l\u00edquido  profesional de varias fragancias, Aire Lowi, C.K on, Lavanda, Fresa, Manzana, Lim\u00f3n.<br><strong><span class=\"has-inline-color has-cyan-bluish-gray-color\">BEROL 706 W.C :&nbsp;<\/span><\/strong>Ambientador l\u00edquido  concentrado para uso pro goteo muy potente, duraci\u00f3n de mas de 24 horas de olro en zonas cerradas, Fresa, Floral, Fresa-Nata. <br><\/td><\/tr><tr><td class=\"has-text-align-center\" data-align=\"center\"><\/td><td class=\"has-text-align-left\" data-align=\"left\"><strong><em><span class=\"has-inline-color has-vivid-purple-color\">LIMPIA MOTORES<\/span><\/em><\/strong><\/td><\/tr><tr><td class=\"has-text-align-center\" data-align=\"center\"><img loading=\"lazy\" decoding=\"async\" width=\"500\" height=\"308\" class=\"wp-image-391\" style=\"width: 500px;\" src=\"https:\/\/detergentes.berolkemi.es\/wp-content\/uploads\/2021\/10\/SUCIO-LIMPIo-scaled.jpg\" alt=\"Motor limpio sucio\" srcset=\"https:\/\/detergentes.berolkemi.es\/wp-content\/uploads\/2021\/10\/SUCIO-LIMPIo-scaled.jpg 2560w, https:\/\/detergentes.berolkemi.es\/wp-content\/uploads\/2021\/10\/SUCIO-LIMPIo-300x185.jpg 300w, https:\/\/detergentes.berolkemi.es\/wp-content\/uploads\/2021\/10\/SUCIO-LIMPIo-1024x632.jpg 1024w, https:\/\/detergentes.berolkemi.es\/wp-content\/uploads\/2021\/10\/SUCIO-LIMPIo-768x474.jpg 768w, https:\/\/detergentes.berolkemi.es\/wp-content\/uploads\/2021\/10\/SUCIO-LIMPIo-1536x948.jpg 1536w, https:\/\/detergentes.berolkemi.es\/wp-content\/uploads\/2021\/10\/SUCIO-LIMPIo-2048x1263.jpg 2048w\" sizes=\"(max-width: 500px) 100vw, 500px\" \/><\/td><td class=\"has-text-align-left\" data-align=\"left\"><span class=\"has-inline-color has-cyan-bluish-gray-color\"><strong>BEROL &nbsp;140:<\/strong>&nbsp;<\/span>Producto en base solvente para limpieza y petroleado de motores, para agua fr\u00eda o caliente.<br><span class=\"has-inline-color has-cyan-bluish-gray-color\"><strong>BEROL GRAS:<\/strong>&nbsp;<\/span>Producto en base solvente para limpieza y petroleado de motores especial agua caliente.<br><\/td><\/tr><tr><td class=\"has-text-align-center\" data-align=\"center\"><\/td><td class=\"has-text-align-left\" data-align=\"left\"><strong><span class=\"has-inline-color has-vivid-purple-color\"><em>MANTENIMIENTO DE VEHICULOS<\/em><\/span><\/strong><\/td><\/tr><tr><td class=\"has-text-align-center\" data-align=\"center\"><img loading=\"lazy\" decoding=\"async\" width=\"150\" height=\"112\" class=\"wp-image-458\" style=\"width: 150px;\" src=\"https:\/\/detergentes.berolkemi.es\/wp-content\/uploads\/2021\/10\/moto.jpg\" alt=\"\"><br><img loading=\"lazy\" decoding=\"async\" width=\"70\" height=\"91\" class=\"wp-image-459\" style=\"width: 70px;\" src=\"https:\/\/detergentes.berolkemi.es\/wp-content\/uploads\/2021\/10\/reultado-10-letra-.jpg\" alt=\"\" srcset=\"https:\/\/detergentes.berolkemi.es\/wp-content\/uploads\/2021\/10\/reultado-10-letra-.jpg 355w, https:\/\/detergentes.berolkemi.es\/wp-content\/uploads\/2021\/10\/reultado-10-letra--230x300.jpg 230w\" sizes=\"(max-width: 70px) 100vw, 70px\" \/><\/td><td class=\"has-text-align-left\" data-align=\"left\"><strong><span class=\"has-inline-color has-cyan-bluish-gray-color\">BEROL LANCO:&nbsp;<\/span><\/strong>Anticongelante puro 92-97%, base etilenglicol. para diluir al 10, 20 o 30 %.<br><span class=\"has-inline-color has-cyan-bluish-gray-color\"><strong>BEROL L.R:<\/strong>&nbsp;<\/span>Limpiador de circuitos y radiadores en base solvente.<br><strong><span class=\"has-inline-color has-cyan-bluish-gray-color\">BEROL Q-PEGA:<\/span><\/strong>&nbsp;Eliminador de restos de pegatinas y adhesivos, base solvente.<br><strong><span class=\"has-inline-color has-cyan-bluish-gray-color\">BEROL 240:<\/span><\/strong>&nbsp;Eliminador de restos de alquitr\u00e1n y breas, base solvente.<br><strong><span class=\"has-inline-color has-cyan-bluish-gray-color\">BEROL L PIEZAS:<\/span>&nbsp;<\/strong>Disolvente desengrasante para limpieza de piezas en m\u00e1quina de recirculaci\u00f3n.<br><br><br><\/td><\/tr><tr><td class=\"has-text-align-center\" data-align=\"center\"><img decoding=\"async\" class=\"wp-image-521\" style=\"width: 150px;\" src=\"https:\/\/detergentes.berolkemi.es\/wp-content\/uploads\/2021\/10\/suelo-garaje-G.jpg\" alt=\"\"><\/td><td class=\"has-text-align-left\" data-align=\"left\"><strong><em><span class=\"has-inline-color has-vivid-purple-color\">MANTENIMIENTO DE TALLER<\/span><\/em><\/strong><br><strong>Limpieza <\/strong>de suelos de <strong>taller <\/strong>y de <strong>oficinas<\/strong>, <strong>mantenimiento <\/strong>de &nbsp;recintos y ba\u00f1os, absorbentes para &nbsp;aceites y l\u00edquidos contaminantes,<\/td><\/tr><tr><td class=\"has-text-align-center\" data-align=\"center\"><\/td><td class=\"has-text-align-left\" data-align=\"left\"><span class=\"has-inline-color has-cyan-bluish-gray-color\"><strong>BEROL SUELOS:<\/strong>&nbsp;<\/span>Detergente desengrasante de baja espuma, para limpieza de suelos con m\u00e1quina o manualmente.<br><span class=\"has-inline-color has-cyan-bluish-gray-color\"><strong>BEROL 719:<\/strong>&nbsp;<\/span>Friega suelos super perfumado a , lim\u00f3n, manzana o pino, para limpieza manual de suelos con fregona.<br><span class=\"has-inline-color has-cyan-bluish-gray-color\"><strong>BEROL ORMIDEC:<\/strong>&nbsp;<\/span>Producto \u00e1cido para limpieza de cementos y restos calc\u00e1reos.<br><span class=\"has-inline-color has-cyan-bluish-gray-color\"><strong>SEPIOLITA:<\/strong>&nbsp;<\/span>Absorbente mineral de grano fino para todo tipo de l\u00edquidos &nbsp;en sacos de 20 kilos.<br><span class=\"has-inline-color has-cyan-bluish-gray-color\"><strong>DECAPANTE<\/strong>: <\/span>Decapante No clorado eliminador de pintadas y grafitis.<br><br><\/td><\/tr><tr><td class=\"has-text-align-center\" data-align=\"center\"><\/td><td class=\"has-text-align-left\" data-align=\"left\"><strong><em><span class=\"has-inline-color has-vivid-purple-color\">MANTENIMIENTO PERSONAL<\/span><\/em><\/strong><\/td><\/tr><tr><td class=\"has-text-align-center\" data-align=\"center\"><img loading=\"lazy\" decoding=\"async\" width=\"150\" height=\"78\" class=\"wp-image-546\" style=\"width: 150px;\" src=\"https:\/\/detergentes.berolkemi.es\/wp-content\/uploads\/2021\/10\/manos-limpia-sucia-MARCA-PQ.jpg\" alt=\"\"><\/td><td class=\"has-text-align-left\" data-align=\"left\"><span class=\"has-inline-color has-cyan-bluish-gray-color\"><strong>BEROL MAN:<\/strong>&nbsp;<\/span>Jab\u00f3n l\u00edquido de color amarillo para manos desengrasante de PH neutro y olor lim\u00f3n.<br><span class=\"has-inline-color has-cyan-bluish-gray-color\"><strong>BEROL MANUMEC:<\/strong>&nbsp;<\/span><span class=\"has-inline-color has-vivid-green-cyan-color\">J<\/span>ab\u00f3n l\u00edquido de color verde, &nbsp;especial mec\u00e1nicos desengrasante olor manzana.<br><span class=\"has-inline-color has-cyan-bluish-gray-color\"><strong>BEROL PASTA DE MECANICOS:<\/strong>&nbsp;<\/span>Pasta desengrasante &nbsp;con microesferas finas de color verde olor manzana.<br><strong><span class=\"has-inline-color has-cyan-bluish-gray-color\">PASTA RE-LI:<\/span>&nbsp;<\/strong>Pasta desengrasante con micronesias gruesas verde de olor lim\u00f3n.<br><strong><span class=\"has-inline-color has-cyan-bluish-gray-color\">GUANTES NITRILO:<\/span><\/strong>&nbsp;Guantes de nitrilo negro especial mec\u00e1nicos, de gran resistencia , se pueden usar varias veces.<\/td><\/tr><\/tbody><\/table><\/figure>\n\n\n\n<p class=\"has-black-color has-pale-cyan-blue-background-color has-text-color has-background\"><strong>Disponemos adem\u00e1s de Bobinas de papel &nbsp;industrial para mec\u00e1nicos, Rollos seca manos, papel higi\u00e9nico y dispensadores de papel, etc.<\/strong><\/p>\n","protected":false},"excerpt":{"rendered":"<p>DETERGENTES AUTOMOCI\u00d3N DETERGENTES ALCALINOS Limpieza desengrasante en general de suciedades de todo tipo, en coches, camiones, autocares, chapas, carrocer\u00edas, bajos, talleres, toldos, lonas, motores, maquinaria de obras p\u00fablicas, limpieza de camiones isotermos \u00a0de transportes de alimentos, cisternas, trailers, boxes de lavado, BEROL 9:&nbsp;&nbsp;&nbsp;&nbsp;Desengrasante de color azul multiusos, de espuma moderada, &nbsp;para limpieza y desengrase de &nbsp;carrocer\u00edas, chapas, poluci\u00f3n, motores,&nbsp;suelos, toldos lonas, llantas, tapicer\u00edas y cualquier superficie lavable. Elimina manchas de polucion atmosf\u00e9rica y mosquitos incrustados sin frotar.BEROL 07: Desengrasante de color rojo, muy espumante para limpieza y desengrase de carrocer\u00edas, motores, &nbsp;en autocares, camiones, tr\u00e1iler,&nbsp;muy indicado en boxes de lavado, dado que elimina la suciedad sin frotar si se utilzia&hellip; <a class=\"read-more\" href=\"https:\/\/detergentes.berolkemi.es\/index.php\/detergentes-automocion\/\">Leer m\u00e1s<\/a><\/p>\n","protected":false},"author":1,"featured_media":0,"parent":0,"menu_order":0,"comment_status":"closed","ping_status":"closed","template":"","meta":{"footnotes":""},"class_list":["post-106","page","type-page","status-publish","hentry"],"_links":{"self":[{"href":"https:\/\/detergentes.berolkemi.es\/index.php\/wp-json\/wp\/v2\/pages\/106","targetHints":{"allow":["GET"]}}],"collection":[{"href":"https:\/\/detergentes.berolkemi.es\/index.php\/wp-json\/wp\/v2\/pages"}],"about":[{"href":"https:\/\/detergentes.berolkemi.es\/index.php\/wp-json\/wp\/v2\/types\/page"}],"author":[{"embeddable":true,"href":"https:\/\/detergentes.berolkemi.es\/index.php\/wp-json\/wp\/v2\/users\/1"}],"replies":[{"embeddable":true,"href":"https:\/\/detergentes.berolkemi.es\/index.php\/wp-json\/wp\/v2\/comments?post=106"}],"version-history":[{"count":1,"href":"https:\/\/detergentes.berolkemi.es\/index.php\/wp-json\/wp\/v2\/pages\/106\/revisions"}],"predecessor-version":[{"id":547,"href":"https:\/\/detergentes.berolkemi.es\/index.php\/wp-json\/wp\/v2\/pages\/106\/revisions\/547"}],"wp:attachment":[{"href":"https:\/\/detergentes.berolkemi.es\/index.php\/wp-json\/wp\/v2\/media?parent=106"}],"curies":[{"name":"wp","href":"https:\/\/api.w.org\/{rel}","templated":true}]}}