{"id":114,"date":"2021-07-05T09:28:13","date_gmt":"2021-07-05T09:28:13","guid":{"rendered":"https:\/\/detergentes.berolkemi.es\/?page_id=114"},"modified":"2021-10-04T10:01:34","modified_gmt":"2021-10-04T10:01:34","slug":"complementos-de-lavado","status":"publish","type":"page","link":"https:\/\/detergentes.berolkemi.es\/index.php\/complementos-de-lavado\/","title":{"rendered":"COMPLEMENTOS DE LAVADO"},"content":{"rendered":"\n<h2 class=\"has-text-align-center has-large-font-size wp-block-heading\"><strong><u>COMPLEMENTOS DE LAVADO<\/u><\/strong><\/h2>\n\n\n\n<ul class=\"wp-block-list\"><li><\/li><\/ul>\n\n\n\n<div style=\"height:30px\" aria-hidden=\"true\" class=\"wp-block-spacer\"><\/div>\n\n\n\n<div class=\"wp-block-media-text alignwide is-stacked-on-mobile\" style=\"grid-template-columns:22% auto\"><figure class=\"wp-block-media-text__media\"><img decoding=\"async\" width=\"336\" height=\"119\" src=\"https:\/\/detergentes.berolkemi.es\/wp-content\/uploads\/2021\/10\/CEPILLO-606-2-1.jpg\" alt=\"\" class=\"wp-image-295 size-full\" srcset=\"https:\/\/detergentes.berolkemi.es\/wp-content\/uploads\/2021\/10\/CEPILLO-606-2-1.jpg 336w, https:\/\/detergentes.berolkemi.es\/wp-content\/uploads\/2021\/10\/CEPILLO-606-2-1-300x106.jpg 300w\" sizes=\"(max-width: 336px) 100vw, 336px\" \/><\/figure><div class=\"wp-block-media-text__content\">\n<p><strong>Cepillo 606 de 22 centimetros, fabricado en pl\u00e1stico resistente,  sus fibras tienen las puntas aplastadas para darle mayor suavidad<\/strong>,<strong> dotado de rosca metalica resistente.<\/strong><\/p>\n<\/div><\/div>\n\n\n\n<div class=\"wp-block-media-text alignwide is-stacked-on-mobile\" style=\"grid-template-columns:18% auto\"><figure class=\"wp-block-media-text__media\"><img fetchpriority=\"high\" decoding=\"async\" width=\"521\" height=\"275\" src=\"https:\/\/detergentes.berolkemi.es\/wp-content\/uploads\/2021\/10\/CEPILLO-404-retocado-3.jpg\" alt=\"\" class=\"wp-image-294 size-full\" srcset=\"https:\/\/detergentes.berolkemi.es\/wp-content\/uploads\/2021\/10\/CEPILLO-404-retocado-3.jpg 521w, https:\/\/detergentes.berolkemi.es\/wp-content\/uploads\/2021\/10\/CEPILLO-404-retocado-3-300x158.jpg 300w\" sizes=\"(max-width: 521px) 100vw, 521px\" \/><\/figure><div class=\"wp-block-media-text__content\">\n<p style=\"font-size:17px\"><strong>Cepillo 404 de 19 centimetros, fabricado en pl\u00e1stico resistente, sus fibras tienen las puntas aplastadas para darle mayor suavidad<\/strong>,<strong> dotado de rosca metalica resistente.<\/strong><\/p>\n<\/div><\/div>\n\n\n\n<div class=\"wp-block-media-text alignwide is-stacked-on-mobile\" style=\"grid-template-columns:20% auto\"><figure class=\"wp-block-media-text__media\"><img decoding=\"async\" width=\"185\" height=\"105\" src=\"https:\/\/detergentes.berolkemi.es\/wp-content\/uploads\/2021\/10\/Barra-cepillos-PQ.jpg\" alt=\"\" class=\"wp-image-299 size-full\"\/><\/figure><div class=\"wp-block-media-text__content\">\n<p style=\"font-size:17px\"><strong>Barras metalicas de 0,80 y 1,75 metros,  muy resistentes para cepillo 606 y 404.<\/strong><\/p>\n<\/div><\/div>\n\n\n\n<div class=\"wp-block-columns is-layout-flex wp-container-core-columns-is-layout-9d6595d7 wp-block-columns-is-layout-flex\">\n<div class=\"wp-block-column is-layout-flow wp-block-column-is-layout-flow\">\n<div class=\"wp-block-media-text alignwide is-stacked-on-mobile\" style=\"grid-template-columns:19% auto\"><figure class=\"wp-block-media-text__media\"><img loading=\"lazy\" decoding=\"async\" width=\"400\" height=\"264\" src=\"https:\/\/detergentes.berolkemi.es\/wp-content\/uploads\/2021\/10\/cepillo-normal-2.jpg\" alt=\"\" class=\"wp-image-302 size-full\" srcset=\"https:\/\/detergentes.berolkemi.es\/wp-content\/uploads\/2021\/10\/cepillo-normal-2.jpg 400w, https:\/\/detergentes.berolkemi.es\/wp-content\/uploads\/2021\/10\/cepillo-normal-2-300x198.jpg 300w\" sizes=\"(max-width: 400px) 100vw, 400px\" \/><\/figure><div class=\"wp-block-media-text__content\">\n<p class=\"has-text-align-center\" style=\"font-size:15px\"><strong>Cepillo Especial rosca F, de 25 centimetros, fabricado en pl\u00e1stico resistente, con refuerzo de gomas en las esquinas, sus fibras tienen las puntas aplastadas para darle mayor suavidad.<\/strong><\/p>\n<\/div><\/div>\n\n\n\n<div class=\"wp-block-media-text alignwide is-stacked-on-mobile\" style=\"grid-template-columns:17% auto\"><figure class=\"wp-block-media-text__media\"><img loading=\"lazy\" decoding=\"async\" width=\"347\" height=\"288\" src=\"https:\/\/detergentes.berolkemi.es\/wp-content\/uploads\/2021\/10\/cepillo-dos-caras-2-1.jpg\" alt=\"\" class=\"wp-image-301 size-full\" srcset=\"https:\/\/detergentes.berolkemi.es\/wp-content\/uploads\/2021\/10\/cepillo-dos-caras-2-1.jpg 347w, https:\/\/detergentes.berolkemi.es\/wp-content\/uploads\/2021\/10\/cepillo-dos-caras-2-1-300x249.jpg 300w\" sizes=\"(max-width: 347px) 100vw, 347px\" \/><\/figure><div class=\"wp-block-media-text__content\">\n<p class=\"has-text-align-left has-normal-font-size\"><strong>Cepillo Especial rosca F , de 25 cent\u00edmetros de doble cara, con doble cantidad de fibras, fabricado en plastico resistente, especialmente indicado para limpieza de autocares, camiones , trailers, cisternas etc,, sus fibras tienen las puntas aplastadas para darle mayor suavidad.<\/strong><\/p>\n<\/div><\/div>\n\n\n\n<div class=\"wp-block-media-text alignwide is-stacked-on-mobile\" style=\"grid-template-columns:21% auto\"><figure class=\"wp-block-media-text__media\"><img loading=\"lazy\" decoding=\"async\" width=\"384\" height=\"170\" src=\"https:\/\/detergentes.berolkemi.es\/wp-content\/uploads\/2021\/10\/Mango-1.40-400M008.jpg\" alt=\"\" class=\"wp-image-303 size-full\" srcset=\"https:\/\/detergentes.berolkemi.es\/wp-content\/uploads\/2021\/10\/Mango-1.40-400M008.jpg 384w, https:\/\/detergentes.berolkemi.es\/wp-content\/uploads\/2021\/10\/Mango-1.40-400M008-300x133.jpg 300w\" sizes=\"(max-width: 384px) 100vw, 384px\" \/><\/figure><div class=\"wp-block-media-text__content\">\n<p class=\"has-normal-font-size\"><strong>Barra de fibra de 1,40 metros muy resistente y robusta, especial para cepillos rosca F<\/strong><\/p>\n<\/div><\/div>\n\n\n\n<div class=\"wp-block-media-text alignwide is-stacked-on-mobile\" style=\"grid-template-columns:21% auto\"><figure class=\"wp-block-media-text__media\"><img loading=\"lazy\" decoding=\"async\" width=\"393\" height=\"176\" src=\"https:\/\/detergentes.berolkemi.es\/wp-content\/uploads\/2021\/10\/mango-2x0.90-aluminio-400m009.jpg\" alt=\"\" class=\"wp-image-306 size-full\" srcset=\"https:\/\/detergentes.berolkemi.es\/wp-content\/uploads\/2021\/10\/mango-2x0.90-aluminio-400m009.jpg 393w, https:\/\/detergentes.berolkemi.es\/wp-content\/uploads\/2021\/10\/mango-2x0.90-aluminio-400m009-300x134.jpg 300w\" sizes=\"(max-width: 393px) 100vw, 393px\" \/><\/figure><div class=\"wp-block-media-text__content\">\n<p style=\"font-size:17px\"><strong>Barra de aluminio extensible de 0,80 a 1,80 metros muy resistente especial para cepillos rosca F<\/strong><\/p>\n<\/div><\/div>\n\n\n\n<div class=\"wp-block-media-text alignwide is-stacked-on-mobile\" style=\"grid-template-columns:18% auto\"><figure class=\"wp-block-media-text__media\"><img loading=\"lazy\" decoding=\"async\" width=\"798\" height=\"381\" src=\"https:\/\/detergentes.berolkemi.es\/wp-content\/uploads\/2021\/10\/Cepillo-inclinado-RT.jpg\" alt=\"\" class=\"wp-image-341 size-full\" srcset=\"https:\/\/detergentes.berolkemi.es\/wp-content\/uploads\/2021\/10\/Cepillo-inclinado-RT.jpg 798w, https:\/\/detergentes.berolkemi.es\/wp-content\/uploads\/2021\/10\/Cepillo-inclinado-RT-300x143.jpg 300w, https:\/\/detergentes.berolkemi.es\/wp-content\/uploads\/2021\/10\/Cepillo-inclinado-RT-768x367.jpg 768w\" sizes=\"(max-width: 798px) 100vw, 798px\" \/><\/figure><div class=\"wp-block-media-text__content\">\n<p><strong>Cepillo especial con taco inclinado de 28 cmts, con puntas abiertas para darle mayor suavidad a las fibras, facilita el lavado de las superficies altas,\u00a0 con rosca universal, se le\u00a0 puede colocar cualquier mango de escoba o fregona para su utilizaci\u00f3n.<\/strong><\/p>\n<\/div><\/div>\n\n\n\n<div class=\"wp-block-media-text alignwide is-stacked-on-mobile\" style=\"grid-template-columns:16% auto\"><figure class=\"wp-block-media-text__media\"><img loading=\"lazy\" decoding=\"async\" width=\"265\" height=\"199\" src=\"https:\/\/detergentes.berolkemi.es\/wp-content\/uploads\/2021\/10\/Esponja-yumbo-430M001.jpg\" alt=\"\" class=\"wp-image-319 size-full\"\/><\/figure><div class=\"wp-block-media-text__content\">\n<p style=\"font-size:17px\"><strong>Esponja  grande Yumbo, fabricada en goma espuma de alta densidad , muy resistente , para su uso en lavado manual de carrocerias, proporciona un lavado suave<\/strong><\/p>\n<\/div><\/div>\n\n\n\n<div class=\"wp-block-media-text alignwide is-stacked-on-mobile\" style=\"grid-template-columns:19% auto\"><figure class=\"wp-block-media-text__media\"><img loading=\"lazy\" decoding=\"async\" width=\"191\" height=\"132\" src=\"https:\/\/detergentes.berolkemi.es\/wp-content\/uploads\/2021\/10\/esponja-2-usos.jpg\" alt=\"\" class=\"wp-image-317 size-full\"\/><\/figure><div class=\"wp-block-media-text__content\">\n<p style=\"font-size:17px\"><strong>Esponja dos usos, fabricada en goma espuma de alta densidad incluye un recubrimiento de fibra abrasiva para la eliminacion de mosquitos y manchas resistentes sobre los cristales y carrocer\u00edas.<\/strong><\/p>\n<\/div><\/div>\n\n\n\n<div class=\"wp-block-media-text alignwide is-stacked-on-mobile\" style=\"grid-template-columns:22% auto\"><figure class=\"wp-block-media-text__media\"><img loading=\"lazy\" decoding=\"async\" width=\"231\" height=\"81\" src=\"https:\/\/detergentes.berolkemi.es\/wp-content\/uploads\/2021\/10\/Cepillo-Llantas-440M005-amarillo.jpg\" alt=\"\" class=\"wp-image-312 size-full\"\/><\/figure><div class=\"wp-block-media-text__content\">\n<p class=\"has-normal-font-size\"><strong>Cepillo especial conico de 30 centimetros de largo, para limpieza manual  de llantas con fibras semi rigidas y un  cuerpo de acero  flexible, que le permite introducirse en las ranuras de las llantas para llegar a todos los rincones y conseguir  una perfecta limpieza de la llantas.<\/strong><\/p>\n<\/div><\/div>\n\n\n\n<div class=\"wp-block-media-text alignwide is-stacked-on-mobile\" style=\"grid-template-columns:18% auto\"><figure class=\"wp-block-media-text__media\"><img loading=\"lazy\" decoding=\"async\" width=\"252\" height=\"141\" src=\"https:\/\/detergentes.berolkemi.es\/wp-content\/uploads\/2021\/10\/Flexy-Blando-440M015-1.jpg\" alt=\"\" class=\"wp-image-330 size-full\"\/><\/figure><div class=\"wp-block-media-text__content\">\n<p style=\"font-size:17px\"><strong>Hidra Flexy , hoja de silicona con agarre de goma flexible, para de secado de vehiculos, dado su novedoso material, se adapta perfectamente a las curvas de las carrocer\u00edas de los veh\u00edculos.<\/strong> <strong>Al utilizarla conseguiremos la eliminacion casi total del agua de la carrocer\u00eda, evitando asi que queden marcas de cal sobre las mismas.<\/strong><\/p>\n<\/div><\/div>\n\n\n\n<div class=\"wp-block-media-text alignwide is-stacked-on-mobile\" style=\"grid-template-columns:21% auto\"><figure class=\"wp-block-media-text__media\"><img loading=\"lazy\" decoding=\"async\" width=\"397\" height=\"305\" src=\"https:\/\/detergentes.berolkemi.es\/wp-content\/uploads\/2021\/10\/Flexy-3-hojas-3-410M012.jpg\" alt=\"\" class=\"wp-image-320 size-full\" srcset=\"https:\/\/detergentes.berolkemi.es\/wp-content\/uploads\/2021\/10\/Flexy-3-hojas-3-410M012.jpg 397w, https:\/\/detergentes.berolkemi.es\/wp-content\/uploads\/2021\/10\/Flexy-3-hojas-3-410M012-300x230.jpg 300w\" sizes=\"(max-width: 397px) 100vw, 397px\" \/><\/figure><div class=\"wp-block-media-text__content\">\n<p class=\"has-normal-font-size\"><strong>Hidra Flexy, tira de   silicona de 3 hojas,  para secado de veh\u00edculos altos, dispone de  terminacion tripe de la hoja y agujero para barra especial rosca F<\/strong>, <strong>para poder secar vehiculos altos como autocares, trailers, camiones, etc <\/strong> ( la barra se vende aparte)<\/p>\n<\/div><\/div>\n\n\n\n<div class=\"wp-block-media-text alignwide is-stacked-on-mobile\" style=\"grid-template-columns:22% auto\"><figure class=\"wp-block-media-text__media\"><img loading=\"lazy\" decoding=\"async\" width=\"1024\" height=\"225\" src=\"https:\/\/detergentes.berolkemi.es\/wp-content\/uploads\/2021\/10\/cepillo-llantas-440M0013-1024x225.jpg\" alt=\"\" class=\"wp-image-340 size-full\" srcset=\"https:\/\/detergentes.berolkemi.es\/wp-content\/uploads\/2021\/10\/cepillo-llantas-440M0013-1024x225.jpg 1024w, https:\/\/detergentes.berolkemi.es\/wp-content\/uploads\/2021\/10\/cepillo-llantas-440M0013-300x66.jpg 300w, https:\/\/detergentes.berolkemi.es\/wp-content\/uploads\/2021\/10\/cepillo-llantas-440M0013-768x169.jpg 768w, https:\/\/detergentes.berolkemi.es\/wp-content\/uploads\/2021\/10\/cepillo-llantas-440M0013-1536x337.jpg 1536w, https:\/\/detergentes.berolkemi.es\/wp-content\/uploads\/2021\/10\/cepillo-llantas-440M0013-2048x450.jpg 2048w\" sizes=\"(max-width: 1024px) 100vw, 1024px\" \/><\/figure><div class=\"wp-block-media-text__content\">\n<p><strong>Brocha especial de 24  cent\u00edmetros de fibras rigidas para eliminaci\u00f3n de manchas e  incrustaciones de  ferodo y de \u00f3xido . Sus fibras hacen que las incrustaciones se desprendan mas f\u00e1cilmente.<\/strong><\/p>\n<\/div><\/div>\n\n\n\n<div class=\"wp-block-media-text alignwide is-stacked-on-mobile\" style=\"grid-template-columns:15% auto\"><figure class=\"wp-block-media-text__media\"><img loading=\"lazy\" decoding=\"async\" width=\"363\" height=\"212\" src=\"https:\/\/detergentes.berolkemi.es\/wp-content\/uploads\/2021\/10\/Cepillo-pelos-perro-3-440M009.jpg\" alt=\"\" class=\"wp-image-314 size-full\" srcset=\"https:\/\/detergentes.berolkemi.es\/wp-content\/uploads\/2021\/10\/Cepillo-pelos-perro-3-440M009.jpg 363w, https:\/\/detergentes.berolkemi.es\/wp-content\/uploads\/2021\/10\/Cepillo-pelos-perro-3-440M009-300x175.jpg 300w\" sizes=\"(max-width: 363px) 100vw, 363px\" \/><\/figure><div class=\"wp-block-media-text__content\">\n<p><strong>Cepillo especial de 15 cmts, de tiras de goma blanda para recoger pelos de animales de asientos, tapicer\u00edas, alfombrillas, moquetas etc. Facilita el desprendimiento de los pelos de las superficies, para su posterior aspiraci\u00f3n<\/strong>.<\/p>\n<\/div><\/div>\n\n\n\n<div class=\"wp-block-media-text alignwide is-stacked-on-mobile\" style=\"grid-template-columns:17% auto\"><figure class=\"wp-block-media-text__media\"><img loading=\"lazy\" decoding=\"async\" width=\"173\" height=\"126\" src=\"https:\/\/detergentes.berolkemi.es\/wp-content\/uploads\/2021\/10\/Cepillo-Tapicerias-440M007.jpg\" alt=\"\" class=\"wp-image-315 size-full\"\/><\/figure><div class=\"wp-block-media-text__content\">\n<p><strong>Cepillo especial de 16 cmts, con mango ergon\u00f3mico y\u00a0 cedras semi-duras, para limpieza\u00a0 pl\u00e1sticos de interior del veh\u00edculo,\u00a0 tapicer\u00edas, alfombrillas, moquetas, alfombras.\u00a0 Facilita la limpieza de manchas profundas en las superficies.\u00a0\u00a0<\/strong><\/p>\n<\/div><\/div>\n\n\n\n<div class=\"wp-block-media-text alignwide is-stacked-on-mobile\" style=\"grid-template-columns:18% auto\"><figure class=\"wp-block-media-text__media\"><img loading=\"lazy\" decoding=\"async\" width=\"193\" height=\"100\" src=\"https:\/\/detergentes.berolkemi.es\/wp-content\/uploads\/2021\/10\/Cepillo-Tapicerias-corto-440M006.jpg\" alt=\"\" class=\"wp-image-316 size-full\"\/><\/figure><div class=\"wp-block-media-text__content\">\n<p><strong>Cepillo especial peque\u00f1o \u00a0de 10 cmts, con mango\u00a0 y\u00a0 cedras semi-duras, para limpieza de zonas de dif\u00edcil acceso<\/strong>.<\/p>\n<\/div><\/div>\n\n\n\n<div class=\"wp-block-media-text alignwide is-stacked-on-mobile\" style=\"grid-template-columns:17% auto\"><figure class=\"wp-block-media-text__media\"><img loading=\"lazy\" decoding=\"async\" width=\"218\" height=\"188\" src=\"https:\/\/detergentes.berolkemi.es\/wp-content\/uploads\/2021\/10\/microfibras.jpg\" alt=\"\" class=\"wp-image-343 size-full\"\/><\/figure><div class=\"wp-block-media-text__content\">\n<p><strong>Bayetas microfibras de 38&#215;40 cmts muy tupidas y resistentes. Para limpieza de todo tipo de superficies, tapicer\u00edas, interiores, carrocer\u00edas, etc. En paquetes de 12 unidades de colores variados<\/strong><\/p>\n<\/div><\/div>\n\n\n\n<div class=\"wp-block-columns is-layout-flex wp-container-core-columns-is-layout-9d6595d7 wp-block-columns-is-layout-flex\"><\/div>\n<\/div>\n<\/div>\n\n\n\n<div class=\"wp-block-columns is-layout-flex wp-container-core-columns-is-layout-9d6595d7 wp-block-columns-is-layout-flex\">\n<div class=\"wp-block-column is-layout-flow wp-block-column-is-layout-flow\" style=\"flex-basis:100%\">\n<div class=\"wp-block-columns is-layout-flex wp-container-core-columns-is-layout-9d6595d7 wp-block-columns-is-layout-flex\">\n<div class=\"wp-block-column is-layout-flow wp-block-column-is-layout-flow\" style=\"flex-basis:50%\"><\/div>\n\n\n\n<div class=\"wp-block-column is-layout-flow wp-block-column-is-layout-flow\" style=\"flex-basis:50%\">\n<div class=\"wp-block-columns is-layout-flex wp-container-core-columns-is-layout-9d6595d7 wp-block-columns-is-layout-flex\">\n<div class=\"wp-block-column is-layout-flow wp-block-column-is-layout-flow\"><\/div>\n<\/div>\n<\/div>\n<\/div>\n<\/div>\n<\/div>\n\n\n\n<ul class=\"wp-block-list\"><li><\/li><\/ul>\n\n\n\n<div style=\"height:30px\" aria-hidden=\"true\" class=\"wp-block-spacer\"><\/div>\n","protected":false},"excerpt":{"rendered":"<p>COMPLEMENTOS DE LAVADO Cepillo 606 de 22 centimetros, fabricado en pl\u00e1stico resistente, sus fibras tienen las puntas aplastadas para darle mayor suavidad, dotado de rosca metalica resistente. Cepillo 404 de 19 centimetros, fabricado en pl\u00e1stico resistente, sus fibras tienen las puntas aplastadas para darle mayor suavidad, dotado de rosca metalica resistente. Barras metalicas de 0,80 y 1,75 metros, muy resistentes para cepillo 606 y 404. Cepillo Especial rosca F, de 25 centimetros, fabricado en pl\u00e1stico resistente, con refuerzo de gomas en las esquinas, sus fibras tienen las puntas aplastadas para darle mayor suavidad. Cepillo Especial rosca F , de 25 cent\u00edmetros de doble cara, con doble cantidad de fibras, fabricado&hellip; <a class=\"read-more\" href=\"https:\/\/detergentes.berolkemi.es\/index.php\/complementos-de-lavado\/\">Leer m\u00e1s<\/a><\/p>\n","protected":false},"author":1,"featured_media":0,"parent":0,"menu_order":0,"comment_status":"closed","ping_status":"closed","template":"","meta":{"footnotes":""},"class_list":["post-114","page","type-page","status-publish","hentry"],"_links":{"self":[{"href":"https:\/\/detergentes.berolkemi.es\/index.php\/wp-json\/wp\/v2\/pages\/114","targetHints":{"allow":["GET"]}}],"collection":[{"href":"https:\/\/detergentes.berolkemi.es\/index.php\/wp-json\/wp\/v2\/pages"}],"about":[{"href":"https:\/\/detergentes.berolkemi.es\/index.php\/wp-json\/wp\/v2\/types\/page"}],"author":[{"embeddable":true,"href":"https:\/\/detergentes.berolkemi.es\/index.php\/wp-json\/wp\/v2\/users\/1"}],"replies":[{"embeddable":true,"href":"https:\/\/detergentes.berolkemi.es\/index.php\/wp-json\/wp\/v2\/comments?post=114"}],"version-history":[{"count":0,"href":"https:\/\/detergentes.berolkemi.es\/index.php\/wp-json\/wp\/v2\/pages\/114\/revisions"}],"wp:attachment":[{"href":"https:\/\/detergentes.berolkemi.es\/index.php\/wp-json\/wp\/v2\/media?parent=114"}],"curies":[{"name":"wp","href":"https:\/\/api.w.org\/{rel}","templated":true}]}}