{"id":121,"date":"2021-07-05T10:04:33","date_gmt":"2021-07-05T10:04:33","guid":{"rendered":"https:\/\/detergentes.berolkemi.es\/?page_id=121"},"modified":"2021-07-05T10:05:12","modified_gmt":"2021-07-05T10:05:12","slug":"equipos-de-rociado","status":"publish","type":"page","link":"https:\/\/detergentes.berolkemi.es\/index.php\/equipos-de-rociado\/","title":{"rendered":"EQUIPOS DE ROCIADO"},"content":{"rendered":"\n<h2 class=\"has-text-align-center has-large-font-size wp-block-heading\"><u><b>EQUIPOS DE ROCIADO<\/b><\/u><\/h2>\n\n\n\n<div style=\"height:30px\" aria-hidden=\"true\" class=\"wp-block-spacer\"><\/div>\n\n\n\n<div class=\"wp-block-image\"><figure class=\"aligncenter size-full is-resized\"><img fetchpriority=\"high\" decoding=\"async\" src=\"https:\/\/detergentes.berolkemi.es\/wp-content\/uploads\/2021\/07\/rociado_equipo.jpg\" alt=\"\" class=\"wp-image-122\" width=\"600\" height=\"400\" srcset=\"https:\/\/detergentes.berolkemi.es\/wp-content\/uploads\/2021\/07\/rociado_equipo.jpg 600w, https:\/\/detergentes.berolkemi.es\/wp-content\/uploads\/2021\/07\/rociado_equipo-300x200.jpg 300w\" sizes=\"(max-width: 600px) 100vw, 600px\" \/><\/figure><\/div>\n\n\n\n<div style=\"height:30px\" aria-hidden=\"true\" class=\"wp-block-spacer\"><\/div>\n\n\n\n<div style=\"height:30px\" aria-hidden=\"true\" class=\"wp-block-spacer\"><\/div>\n\n\n\n<p><strong>PULVERIZADORES PROFESIONALES CANYON:<\/strong> 3 modelos disponibles, Normal Azul, Rojo especial disolventes, y super resistente, para todo tipo de l\u00edquidos. disponen de boquilla regulable para aplicacion de pulverizaci\u00f3n o chorro fino a presi\u00f3n. El pulverizador viene con bote de 1 o 1\/2 &nbsp;litro de capacidad.<strong><br><br>ROCIADOR INDUSTRIAL MANUAL:<\/strong> para todo tipo de l\u00edquidos, lanza manual para la aplicaci\u00f3n de desengrasantes, limpia motores, etc. dotado de lanza de 70 cent\u00edmetros, goma de 90 cent\u00edmetros y boquilla regulable para pulverizaci\u00f3n o aplicaci\u00f3n de chorro a presi\u00f3n. Pulveriza una gran cantidad de producto en una sola aplicaci\u00f3n. Disponemos de repuestos para su reparaci\u00f3n.<br><br><strong>ROCIADOR INDUSTRIAL PREVIA PRESI\u00d3N:<\/strong> para todo tipo de l\u00edquidos, de 12 litros de capacidad, para la aplicaci\u00f3n de desengrasantes, limpia motores, etc. Pulveriza una gran cantidad de producto sin necesidad de hacer esfuerzos. Dotado &nbsp;de lanza de 70 cm con boquilla regulable para pulverizar o aplicar chorro a presi\u00f3n y goma anti\u00e1cidos de 50 cm, cuenta con &nbsp;v\u00e1lvula de seguridad. Disponemos de repuestos para su reparaci\u00f3n.<br><br>Estos equipos funcionan &nbsp;para hacer la mezcla de agua y producto sin necesidad de bombas el\u00e9ctricas, la cantidad de mezcla se realiza con boquillas, para obtener desde 2 al 15 % aprox.. Ideal para rociar veh\u00edculos en la zona de entrada del lavado autom\u00e1tico, o en lavados manuales. Los equipos est\u00e1n provistos de manguera con acoples r\u00e1pidos para toma la toma de agua de entrada &nbsp;y manguera &nbsp;de pulverizaci\u00f3n, incorpora lanza en i\u00f1ox de &nbsp;30, 60 y 90 cm. su montaje es muy sencillo si se dispone de toma de agua.<br><br><strong>EQUIPO DE NEBULIZACI\u00d3N M\u00d3VIL &nbsp;PARA FUNCIONAMIENTO CON AIRE A PRESI\u00d3N:<\/strong> dispone de un dep\u00f3sito de 24 o 50 litros donde se hace la mezcla manualmente, para luego cargarlo con aire a presi\u00f3n, y poder rociar las superficies. Dispone de man\u00f3metro de presi\u00f3n y v\u00e1lvula de seguridad e indicador de nivel del l\u00edquido. Esta montado sobre un carrito que facilita su desplazamiento. Los equipos est\u00e1n fabricados en acero galvanizado pintado y provistos de manguera de unos &nbsp;5m y lanza para rociado.<br><br><strong>EQUIPO ESPUM\u00d3GENO M\u00d3VIL:<\/strong> para funcionamiento con aire a presi\u00f3n, dispone de un dep\u00f3sito de 24 o 50 litros donde se hace la mezcla manualmente, para luego cargarlo con aire a presi\u00f3n, y poder rociar las superficies. Dispone de man\u00f3metro de presi\u00f3n y v\u00e1lvula de seguridad as\u00ed como de regulador de cantidad y densidad de espuma, &nbsp;e indicador de nivel del l\u00edquido. Esta montado sobre un carrito que facilita su desplazamiento. Los equipos est\u00e1n fabricados en acero y provistos de manguera de unos &nbsp;5m y lanza para rociado.<br><\/p>\n\n\n\n<div style=\"height:30px\" aria-hidden=\"true\" class=\"wp-block-spacer\"><\/div>\n\n\n\n<p class=\"has-text-align-center has-light-green-cyan-background-color has-background\"><strong>SOLICITE M\u00c1S INFORMACI\u00d3N EN EL TEL\u00c9FONO<br>91 646 05 42<\/strong><\/p>\n","protected":false},"excerpt":{"rendered":"<p>EQUIPOS DE ROCIADO PULVERIZADORES PROFESIONALES CANYON: 3 modelos disponibles, Normal Azul, Rojo especial disolventes, y super resistente, para todo tipo de l\u00edquidos. disponen de boquilla regulable para aplicacion de pulverizaci\u00f3n o chorro fino a presi\u00f3n. El pulverizador viene con bote de 1 o 1\/2 &nbsp;litro de capacidad. ROCIADOR INDUSTRIAL MANUAL: para todo tipo de l\u00edquidos, lanza manual para la aplicaci\u00f3n de desengrasantes, limpia motores, etc. dotado de lanza de 70 cent\u00edmetros, goma de 90 cent\u00edmetros y boquilla regulable para pulverizaci\u00f3n o aplicaci\u00f3n de chorro a presi\u00f3n. Pulveriza una gran cantidad de producto en una sola aplicaci\u00f3n. Disponemos de repuestos para su reparaci\u00f3n. ROCIADOR INDUSTRIAL PREVIA PRESI\u00d3N: para todo tipo de&hellip; <a class=\"read-more\" href=\"https:\/\/detergentes.berolkemi.es\/index.php\/equipos-de-rociado\/\">Leer m\u00e1s<\/a><\/p>\n","protected":false},"author":1,"featured_media":0,"parent":0,"menu_order":0,"comment_status":"closed","ping_status":"closed","template":"","meta":{"footnotes":""},"class_list":["post-121","page","type-page","status-publish","hentry"],"_links":{"self":[{"href":"https:\/\/detergentes.berolkemi.es\/index.php\/wp-json\/wp\/v2\/pages\/121","targetHints":{"allow":["GET"]}}],"collection":[{"href":"https:\/\/detergentes.berolkemi.es\/index.php\/wp-json\/wp\/v2\/pages"}],"about":[{"href":"https:\/\/detergentes.berolkemi.es\/index.php\/wp-json\/wp\/v2\/types\/page"}],"author":[{"embeddable":true,"href":"https:\/\/detergentes.berolkemi.es\/index.php\/wp-json\/wp\/v2\/users\/1"}],"replies":[{"embeddable":true,"href":"https:\/\/detergentes.berolkemi.es\/index.php\/wp-json\/wp\/v2\/comments?post=121"}],"version-history":[{"count":0,"href":"https:\/\/detergentes.berolkemi.es\/index.php\/wp-json\/wp\/v2\/pages\/121\/revisions"}],"wp:attachment":[{"href":"https:\/\/detergentes.berolkemi.es\/index.php\/wp-json\/wp\/v2\/media?parent=121"}],"curies":[{"name":"wp","href":"https:\/\/api.w.org\/{rel}","templated":true}]}}