{"id":126,"date":"2021-07-05T10:12:22","date_gmt":"2021-07-05T10:12:22","guid":{"rendered":"https:\/\/detergentes.berolkemi.es\/?page_id=126"},"modified":"2021-07-05T10:14:43","modified_gmt":"2021-07-05T10:14:43","slug":"maquinaria","status":"publish","type":"page","link":"https:\/\/detergentes.berolkemi.es\/index.php\/maquinaria\/","title":{"rendered":"MAQUINARIA"},"content":{"rendered":"\n<h2 class=\"has-text-align-center has-huge-font-size wp-block-heading\"><strong><u>MAQUINARIA<\/u><\/strong><\/h2>\n\n\n\n<div style=\"height:30px\" aria-hidden=\"true\" class=\"wp-block-spacer\"><\/div>\n\n\n\n<div class=\"wp-block-image\"><figure class=\"aligncenter size-full is-resized\"><img fetchpriority=\"high\" decoding=\"async\" src=\"https:\/\/detergentes.berolkemi.es\/wp-content\/uploads\/2021\/06\/maquinaria_automocion.png\" alt=\"maquinaria\" class=\"wp-image-102\" width=\"600\" height=\"300\" srcset=\"https:\/\/detergentes.berolkemi.es\/wp-content\/uploads\/2021\/06\/maquinaria_automocion.png 600w, https:\/\/detergentes.berolkemi.es\/wp-content\/uploads\/2021\/06\/maquinaria_automocion-300x150.png 300w\" sizes=\"(max-width: 600px) 100vw, 600px\" \/><\/figure><\/div>\n\n\n\n<div style=\"height:30px\" aria-hidden=\"true\" class=\"wp-block-spacer\"><\/div>\n\n\n\n<p>Distribuimos maquinaria de limpieza, de una <strong>marca Espa\u00f1ola<\/strong>, con car\u00e1cter <strong>Alem\u00e1n<\/strong>.<\/p>\n\n\n\n<p>Un gran fabricante de maquinaria con mas de cuarenta a\u00f1os en el mercado Espa\u00f1ol, fabricando y dando soluciones con <strong>garant\u00eda <\/strong>y <strong>fiabilidad<\/strong>.<br>Disponemos de maquinaria de limpieza nueva y de segunda mano<\/p>\n\n\n\n<div style=\"height:30px\" aria-hidden=\"true\" class=\"wp-block-spacer\"><\/div>\n\n\n\n<p class=\"has-light-green-cyan-background-color has-background\">D\u00e9jenos su <strong>consulta <\/strong>en el formulario de la p\u00e1gina de <strong>contacto <\/strong>o llamando al tel\u00e9fono <strong>91 646 05 42<\/strong> y le responderemos r\u00e1pidamente, si disponemos de maquinaria nueva , de segunda mano o si necesita una reparaci\u00f3n.<\/p>\n","protected":false},"excerpt":{"rendered":"<p>MAQUINARIA Distribuimos maquinaria de limpieza, de una marca Espa\u00f1ola, con car\u00e1cter Alem\u00e1n. Un gran fabricante de maquinaria con mas de cuarenta a\u00f1os en el mercado Espa\u00f1ol, fabricando y dando soluciones con garant\u00eda y fiabilidad.Disponemos de maquinaria de limpieza nueva y de segunda mano D\u00e9jenos su consulta en el formulario de la p\u00e1gina de contacto o llamando al tel\u00e9fono 91 646 05 42 y le responderemos r\u00e1pidamente, si disponemos de maquinaria nueva , de segunda mano o si necesita una reparaci\u00f3n.<\/p>\n","protected":false},"author":1,"featured_media":0,"parent":0,"menu_order":0,"comment_status":"closed","ping_status":"closed","template":"","meta":{"footnotes":""},"class_list":["post-126","page","type-page","status-publish","hentry"],"_links":{"self":[{"href":"https:\/\/detergentes.berolkemi.es\/index.php\/wp-json\/wp\/v2\/pages\/126","targetHints":{"allow":["GET"]}}],"collection":[{"href":"https:\/\/detergentes.berolkemi.es\/index.php\/wp-json\/wp\/v2\/pages"}],"about":[{"href":"https:\/\/detergentes.berolkemi.es\/index.php\/wp-json\/wp\/v2\/types\/page"}],"author":[{"embeddable":true,"href":"https:\/\/detergentes.berolkemi.es\/index.php\/wp-json\/wp\/v2\/users\/1"}],"replies":[{"embeddable":true,"href":"https:\/\/detergentes.berolkemi.es\/index.php\/wp-json\/wp\/v2\/comments?post=126"}],"version-history":[{"count":0,"href":"https:\/\/detergentes.berolkemi.es\/index.php\/wp-json\/wp\/v2\/pages\/126\/revisions"}],"wp:attachment":[{"href":"https:\/\/detergentes.berolkemi.es\/index.php\/wp-json\/wp\/v2\/media?parent=126"}],"curies":[{"name":"wp","href":"https:\/\/api.w.org\/{rel}","templated":true}]}}