{"id":130,"date":"2021-07-05T11:05:05","date_gmt":"2021-07-05T11:05:05","guid":{"rendered":"https:\/\/detergentes.berolkemi.es\/?page_id=130"},"modified":"2021-11-19T18:08:14","modified_gmt":"2021-11-19T18:08:14","slug":"https-youtu-be-timqnjhbu38","status":"publish","type":"page","link":"https:\/\/detergentes.berolkemi.es\/index.php\/https-youtu-be-timqnjhbu38\/","title":{"rendered":"DEMOS"},"content":{"rendered":"\n<p class=\"has-text-align-center\"> <strong>PUEDES VER MAS VIDEOS EN NUESTRO :<\/strong> <strong><span class=\"has-inline-color has-vivid-red-color\"><a href=\"https:\/\/www.youtube.com\/channel\/UCAs4XwRSMAiyzx2ymHQs3Yw\" target=\"_blank\" rel=\"noreferrer noopener\">CANAL DE YOUTUBE BEROLKEMI<\/a><\/span><\/strong><\/p>\n\n\n\n<h3 class=\"has-text-align-center wp-block-heading\"><u><strong>LAVADO DE MOTOR<\/strong><\/u><\/h3>\n\n\n\n<p class=\"has-text-align-center\"><strong><span class=\"has-inline-color has-vivid-red-color\">Material utilizado: Berol, Gras ( 2 Litros aprox) , Berol 9 ( 1 litro aprox), m\u00e1quina de agua fr\u00eda Kruger peque\u00f1a, aire a presi\u00f3n, Berol Brillo de Salpicadero( 50 cc aprox). Tiempo aproximado 1,30 horas<\/span><\/strong><\/p>\n\n\n\n<p class=\"has-text-align-center\"><img fetchpriority=\"high\" decoding=\"async\" width=\"400\" height=\"247\" class=\"wp-image-391\" style=\"width: 400px;\" src=\"https:\/\/detergentes.berolkemi.es\/wp-content\/uploads\/2021\/10\/SUCIO-LIMPIo-scaled.jpg\" alt=\"Motor limpio sucio\" srcset=\"https:\/\/detergentes.berolkemi.es\/wp-content\/uploads\/2021\/10\/SUCIO-LIMPIo-scaled.jpg 2560w, https:\/\/detergentes.berolkemi.es\/wp-content\/uploads\/2021\/10\/SUCIO-LIMPIo-300x185.jpg 300w, https:\/\/detergentes.berolkemi.es\/wp-content\/uploads\/2021\/10\/SUCIO-LIMPIo-1024x632.jpg 1024w, https:\/\/detergentes.berolkemi.es\/wp-content\/uploads\/2021\/10\/SUCIO-LIMPIo-768x474.jpg 768w, https:\/\/detergentes.berolkemi.es\/wp-content\/uploads\/2021\/10\/SUCIO-LIMPIo-1536x948.jpg 1536w, https:\/\/detergentes.berolkemi.es\/wp-content\/uploads\/2021\/10\/SUCIO-LIMPIo-2048x1263.jpg 2048w\" sizes=\"(max-width: 400px) 100vw, 400px\" \/><strong><br><\/strong><\/p>\n\n\n\n<div class=\"wp-block-media-text alignwide is-stacked-on-mobile\"><figure class=\"wp-block-media-text__media\"><img decoding=\"async\" width=\"576\" height=\"432\" src=\"https:\/\/detergentes.berolkemi.es\/wp-content\/uploads\/2021\/10\/1-motor-sucio1-PQ-1-1.jpg\" alt=\"Motor Sucio\" class=\"wp-image-386 size-full\" srcset=\"https:\/\/detergentes.berolkemi.es\/wp-content\/uploads\/2021\/10\/1-motor-sucio1-PQ-1-1.jpg 576w, https:\/\/detergentes.berolkemi.es\/wp-content\/uploads\/2021\/10\/1-motor-sucio1-PQ-1-1-300x225.jpg 300w\" sizes=\"(max-width: 576px) 100vw, 576px\" \/><\/figure><div class=\"wp-block-media-text__content\">\n<p><strong>Dejamos enfriar el motor a una temperatura de entre 30 y 50\u00baC, lo que facilitara la acci\u00f3n del producto BEROL GRAS sobre la grasa acumulada.Tapamos las partes el\u00e9ctricas m\u00e1s sensibles, para evitar da\u00f1os con el agua.<br>Aplicamos mediante rociador Modelo A o pulverizador manual, el Berol Gras, desde la parte alta sobre todo el motor incluso desde la parte de abajo, para mojar el c\u00e1rter inferior, el cambio y zonas de ruedas y transmisiones, en las zonas con mayor acumulaci\u00f3n de grasa, habr\u00e1 que pulverizar un poco mas de producto.<\/strong><\/p>\n\n\n\n<p class=\"has-text-align-center\"><img decoding=\"async\" width=\"200\" height=\"150\" class=\"wp-image-382\" style=\"width: 200px;\" src=\"https:\/\/detergentes.berolkemi.es\/wp-content\/uploads\/2021\/10\/2-motor-sucio-2-DT-pq.jpg\" alt=\"\" srcset=\"https:\/\/detergentes.berolkemi.es\/wp-content\/uploads\/2021\/10\/2-motor-sucio-2-DT-pq.jpg 576w, https:\/\/detergentes.berolkemi.es\/wp-content\/uploads\/2021\/10\/2-motor-sucio-2-DT-pq-300x225.jpg 300w\" sizes=\"(max-width: 200px) 100vw, 200px\" \/><\/p>\n<\/div><\/div>\n\n\n\n<div class=\"wp-block-columns is-layout-flex wp-container-core-columns-is-layout-9d6595d7 wp-block-columns-is-layout-flex\">\n<div class=\"wp-block-column is-layout-flow wp-block-column-is-layout-flow\" style=\"flex-basis:100%\"><\/div>\n<\/div>\n\n\n\n<div class=\"wp-block-media-text alignfull is-stacked-on-mobile is-vertically-aligned-center\"><figure class=\"wp-block-media-text__media\"><img loading=\"lazy\" decoding=\"async\" width=\"576\" height=\"432\" src=\"https:\/\/detergentes.berolkemi.es\/wp-content\/uploads\/2021\/10\/2-petroleado1pq-1.jpg\" alt=\"\" class=\"wp-image-387 size-full\" srcset=\"https:\/\/detergentes.berolkemi.es\/wp-content\/uploads\/2021\/10\/2-petroleado1pq-1.jpg 576w, https:\/\/detergentes.berolkemi.es\/wp-content\/uploads\/2021\/10\/2-petroleado1pq-1-300x225.jpg 300w\" sizes=\"(max-width: 576px) 100vw, 576px\" \/><\/figure><div class=\"wp-block-media-text__content\">\n<p><strong>Acabado el primer aclarado, aplicamos entonces pulverizado mediante rociador modelo A, o pulverizador manual, el desengrasante <span class=\"has-inline-color has-vivid-cyan-blue-color\">BEROL 9,<\/span> diluido entre el 25 y 40 % con agua (de 250 cc a 400 cc de producto y resto agua &nbsp;para hacer un litro de a mezcla), para eliminar los restos de humos y suciedades varias, que han quedado pegados en la porosidad de los materiales, met\u00e1licos, pl\u00e1sticos y pinturas, adem\u00e1s neutralizar\u00e1 cualquier resto de solvente que pueda quedar.<br>Dejaremos actuar de 2 a 5 minutos, y durante ese tiempo podemos a aprovechar para frotar, otras partes del coche, capo, laterales, &nbsp;etc &nbsp;y conseguir una limpieza uniforme sobre todas las superficies. (este proceso de frotado, se puede omitir si se dispone de agua a presi\u00f3n caliente con una m\u00e1quina profesional).<\/strong><\/p>\n<\/div><\/div>\n\n\n\n<p class=\"has-text-align-center\"><img loading=\"lazy\" decoding=\"async\" width=\"300\" height=\"250\" class=\"wp-image-392\" style=\"width: 300px;\" src=\"https:\/\/detergentes.berolkemi.es\/wp-content\/uploads\/2021\/10\/3-motor-B9-cepillado-PQ.jpg\" alt=\"Motor Cepillado\" srcset=\"https:\/\/detergentes.berolkemi.es\/wp-content\/uploads\/2021\/10\/3-motor-B9-cepillado-PQ.jpg 415w, https:\/\/detergentes.berolkemi.es\/wp-content\/uploads\/2021\/10\/3-motor-B9-cepillado-PQ-300x250.jpg 300w\" sizes=\"(max-width: 300px) 100vw, 300px\" \/>    <img loading=\"lazy\" decoding=\"async\" width=\"300\" height=\"225\" class=\"wp-image-393\" style=\"width: 300px;\" src=\"https:\/\/detergentes.berolkemi.es\/wp-content\/uploads\/2021\/10\/3-Motor-despues-del-9-cepillado-lateral-PQ.jpg\" alt=\"Cepillado Motor 2\" srcset=\"https:\/\/detergentes.berolkemi.es\/wp-content\/uploads\/2021\/10\/3-Motor-despues-del-9-cepillado-lateral-PQ.jpg 461w, https:\/\/detergentes.berolkemi.es\/wp-content\/uploads\/2021\/10\/3-Motor-despues-del-9-cepillado-lateral-PQ-300x225.jpg 300w\" sizes=\"(max-width: 300px) 100vw, 300px\" \/><\/p>\n\n\n\n<p class=\"has-text-align-center\">Resultado de aplicar <strong><span class=\"has-inline-color has-vivid-cyan-blue-color\">BEROL 9<\/span><\/strong> y frotar<\/p>\n\n\n\n<div class=\"wp-block-group\"><div class=\"wp-block-group__inner-container is-layout-flow wp-block-group-is-layout-flow\">\n<div class=\"wp-block-columns is-layout-flex wp-container-core-columns-is-layout-9d6595d7 wp-block-columns-is-layout-flex\">\n<div class=\"wp-block-column is-layout-flow wp-block-column-is-layout-flow\" style=\"flex-basis:100%\">\n<div class=\"wp-block-media-text alignfull is-stacked-on-mobile\" style=\"grid-template-columns:36% auto\"><figure class=\"wp-block-media-text__media\"><img loading=\"lazy\" decoding=\"async\" width=\"576\" height=\"432\" src=\"https:\/\/detergentes.berolkemi.es\/wp-content\/uploads\/2021\/10\/3-limpio-entero-pq.jpg\" alt=\"\" class=\"wp-image-389 size-full\" srcset=\"https:\/\/detergentes.berolkemi.es\/wp-content\/uploads\/2021\/10\/3-limpio-entero-pq.jpg 576w, https:\/\/detergentes.berolkemi.es\/wp-content\/uploads\/2021\/10\/3-limpio-entero-pq-300x225.jpg 300w\" sizes=\"(max-width: 576px) 100vw, 576px\" \/><\/figure><div class=\"wp-block-media-text__content\">\n<p><strong>Una vez terminado el segundo aclarado, secaremos todo el motor con aire a presi\u00f3n, &nbsp;completamente prestando especial detalle a las partes el\u00e9ctricas, clemas de conexi\u00f3n, etc&#8230;<br><br>Algunas partes del motor como manguitos, pl\u00e1sticos y metales como el aluminio o cromados, pueden quedar blanquecinos o con manchas debido al los cambios de temperatura &nbsp;que han sufrido durante tanto tiempo y a restos del &nbsp;agua del aclarado.  Para evitar estos feos detalles, &nbsp;si queremos conseguir una mayor vistosidad de la limpieza, podemos aplicar <span class=\"has-inline-color has-vivid-cyan-blue-color\">BEROL BRILLO DE SALPICADERO<\/span>, que nos dejar\u00e1 brillantes y de un color &nbsp;uniforme los manguitos , partes pl\u00e1sticas y met\u00e1licas del motor. Pulverizaremos las superficies &nbsp;y extenderemos el producto con una esponja, o bien pulverizaremos directamente sobre la esponja para extender todo el producto uniformemente solo donde queramos.<\/strong>  <img loading=\"lazy\" decoding=\"async\" width=\"300\" height=\"225\" class=\"wp-image-388\" style=\"width: 300px;\" src=\"https:\/\/detergentes.berolkemi.es\/wp-content\/uploads\/2021\/10\/3-limpio-dt-brillo-pq.jpg\" alt=\"\" srcset=\"https:\/\/detergentes.berolkemi.es\/wp-content\/uploads\/2021\/10\/3-limpio-dt-brillo-pq.jpg 717w, https:\/\/detergentes.berolkemi.es\/wp-content\/uploads\/2021\/10\/3-limpio-dt-brillo-pq-300x225.jpg 300w\" sizes=\"(max-width: 300px) 100vw, 300px\" \/><\/p>\n<\/div><\/div>\n<\/div>\n<\/div>\n<\/div><\/div>\n\n\n\n<div style=\"height:30px\" aria-hidden=\"true\" class=\"wp-block-spacer\"><\/div>\n\n\n\n<div class=\"wp-block-group alignwide\"><div class=\"wp-block-group__inner-container is-layout-flow wp-block-group-is-layout-flow\">\n<div class=\"wp-block-group\"><div class=\"wp-block-group__inner-container is-layout-flow wp-block-group-is-layout-flow\">\n<div class=\"wp-block-columns is-layout-flex wp-container-core-columns-is-layout-9d6595d7 wp-block-columns-is-layout-flex\">\n<div class=\"wp-block-column is-layout-flow wp-block-column-is-layout-flow\" style=\"flex-basis:50%\">\n<div class=\"wp-block-columns alignfull are-vertically-aligned-bottom has-vivid-cyan-blue-color has-text-color is-layout-flex wp-container-core-columns-is-layout-9d6595d7 wp-block-columns-is-layout-flex\">\n<div class=\"wp-block-column is-layout-flow wp-block-column-is-layout-flow\">\n<figure class=\"wp-block-embed is-type-video is-provider-youtube wp-block-embed-youtube wp-embed-aspect-16-9 wp-has-aspect-ratio\"><div class=\"wp-block-embed__wrapper\">\n<iframe title=\"limpieza de pl\u00e1sticos interior veh\u00edculo\" width=\"1160\" height=\"653\" src=\"https:\/\/www.youtube.com\/embed\/NqxB1GxdpsM?start=93&#038;feature=oembed\" frameborder=\"0\" allow=\"accelerometer; autoplay; clipboard-write; encrypted-media; gyroscope; picture-in-picture\" allowfullscreen><\/iframe>\n<\/div><\/figure>\n<\/div>\n<\/div>\n<\/div>\n\n\n\n<div class=\"wp-block-column is-layout-flow wp-block-column-is-layout-flow\"><\/div>\n\n\n\n<div class=\"wp-block-column is-layout-flow wp-block-column-is-layout-flow\" style=\"flex-basis:50%\">\n<figure class=\"wp-block-embed is-type-video is-provider-youtube wp-block-embed-youtube wp-embed-aspect-16-9 wp-has-aspect-ratio\"><div class=\"wp-block-embed__wrapper\">\n<iframe title=\"Limpieza de llantas sin frotar, con Berol L-01\" width=\"1160\" height=\"653\" src=\"https:\/\/www.youtube.com\/embed\/eUHUMLd_INg?feature=oembed\" frameborder=\"0\" allow=\"accelerometer; autoplay; clipboard-write; encrypted-media; gyroscope; picture-in-picture\" allowfullscreen><\/iframe>\n<\/div><\/figure>\n<\/div>\n<\/div>\n<\/div><\/div>\n\n\n\n<div class=\"wp-block-columns is-layout-flex wp-container-core-columns-is-layout-9d6595d7 wp-block-columns-is-layout-flex\">\n<div class=\"wp-block-column is-layout-flow wp-block-column-is-layout-flow\">\n<figure class=\"wp-block-embed is-type-video is-provider-youtube wp-block-embed-youtube wp-embed-aspect-16-9 wp-has-aspect-ratio\"><div class=\"wp-block-embed__wrapper\">\n<iframe title=\"Limpieza Motor\" width=\"1160\" height=\"653\" src=\"https:\/\/www.youtube.com\/embed\/SQx1-IvYp-g?feature=oembed\" frameborder=\"0\" allow=\"accelerometer; autoplay; clipboard-write; encrypted-media; gyroscope; picture-in-picture\" allowfullscreen><\/iframe>\n<\/div><\/figure>\n<\/div>\n\n\n\n<div class=\"wp-block-column is-layout-flow wp-block-column-is-layout-flow\"><\/div>\n<\/div>\n<\/div><\/div>\n","protected":false},"excerpt":{"rendered":"<p>PUEDES VER MAS VIDEOS EN NUESTRO : CANAL DE YOUTUBE BEROLKEMI LAVADO DE MOTOR Material utilizado: Berol, Gras ( 2 Litros aprox) , Berol 9 ( 1 litro aprox), m\u00e1quina de agua fr\u00eda Kruger peque\u00f1a, aire a presi\u00f3n, Berol Brillo de Salpicadero( 50 cc aprox). Tiempo aproximado 1,30 horas Dejamos enfriar el motor a una temperatura de entre 30 y 50\u00baC, lo que facilitara la acci\u00f3n del producto BEROL GRAS sobre la grasa acumulada.Tapamos las partes el\u00e9ctricas m\u00e1s sensibles, para evitar da\u00f1os con el agua.Aplicamos mediante rociador Modelo A o pulverizador manual, el Berol Gras, desde la parte alta sobre todo el motor incluso desde la parte de abajo, para&hellip; <a class=\"read-more\" href=\"https:\/\/detergentes.berolkemi.es\/index.php\/https-youtu-be-timqnjhbu38\/\">Leer m\u00e1s<\/a><\/p>\n","protected":false},"author":1,"featured_media":0,"parent":0,"menu_order":0,"comment_status":"closed","ping_status":"closed","template":"","meta":{"footnotes":""},"class_list":["post-130","page","type-page","status-publish","hentry"],"_links":{"self":[{"href":"https:\/\/detergentes.berolkemi.es\/index.php\/wp-json\/wp\/v2\/pages\/130","targetHints":{"allow":["GET"]}}],"collection":[{"href":"https:\/\/detergentes.berolkemi.es\/index.php\/wp-json\/wp\/v2\/pages"}],"about":[{"href":"https:\/\/detergentes.berolkemi.es\/index.php\/wp-json\/wp\/v2\/types\/page"}],"author":[{"embeddable":true,"href":"https:\/\/detergentes.berolkemi.es\/index.php\/wp-json\/wp\/v2\/users\/1"}],"replies":[{"embeddable":true,"href":"https:\/\/detergentes.berolkemi.es\/index.php\/wp-json\/wp\/v2\/comments?post=130"}],"version-history":[{"count":2,"href":"https:\/\/detergentes.berolkemi.es\/index.php\/wp-json\/wp\/v2\/pages\/130\/revisions"}],"predecessor-version":[{"id":689,"href":"https:\/\/detergentes.berolkemi.es\/index.php\/wp-json\/wp\/v2\/pages\/130\/revisions\/689"}],"wp:attachment":[{"href":"https:\/\/detergentes.berolkemi.es\/index.php\/wp-json\/wp\/v2\/media?parent=130"}],"curies":[{"name":"wp","href":"https:\/\/api.w.org\/{rel}","templated":true}]}}