{"id":134,"date":"2021-08-03T07:01:31","date_gmt":"2021-08-03T07:01:31","guid":{"rendered":"https:\/\/detergentes.berolkemi.es\/?page_id=134"},"modified":"2021-12-10T15:10:15","modified_gmt":"2021-12-10T15:10:15","slug":"empresa","status":"publish","type":"page","link":"https:\/\/detergentes.berolkemi.es\/index.php\/empresa\/","title":{"rendered":"EMPRESA"},"content":{"rendered":"\n<div class=\"wp-block-cover has-background-dim empresa_img\"><img fetchpriority=\"high\" decoding=\"async\" width=\"828\" height=\"406\" class=\"wp-block-cover__image-background wp-image-345\" alt=\"\" src=\"https:\/\/detergentes.berolkemi.es\/wp-content\/uploads\/2021\/10\/Fondo-agua-1-e1633341270612.jpg\" data-object-fit=\"cover\" srcset=\"https:\/\/detergentes.berolkemi.es\/wp-content\/uploads\/2021\/10\/Fondo-agua-1-e1633341270612.jpg 828w, https:\/\/detergentes.berolkemi.es\/wp-content\/uploads\/2021\/10\/Fondo-agua-1-e1633341270612-300x147.jpg 300w, https:\/\/detergentes.berolkemi.es\/wp-content\/uploads\/2021\/10\/Fondo-agua-1-e1633341270612-768x377.jpg 768w\" sizes=\"(max-width: 828px) 100vw, 828px\" \/><div class=\"wp-block-cover__inner-container is-layout-flow wp-block-cover-is-layout-flow\">\n<p class=\"has-text-align-center\"><strong>Desde 1992. al servicio de nuestros clientes,  en  Berolkemi S.L , hemos evolucionado, desde un peque\u00f1o local en Madrid, a las instalaciones actuales <\/strong><\/p>\n\n\n\n<h2 class=\"has-text-align-center wp-block-heading\"><u><span class=\"has-inline-color has-vivid-cyan-blue-color\">NUESTRO TRABAJO<\/span><\/u><\/h2>\n\n\n\n<p class=\"has-normal-font-size\"><span class=\"has-inline-color has-pale-cyan-blue-color\"><strong>Fabricamos detergentes industriales para automoci\u00f3n, hosteler\u00eda e industria, distribuimos art\u00edculos de limpieza, celulosa, complementos, &nbsp;dispensadores de papel, maquinaria de limpieza, art\u00edculos para lavado de veh\u00edculos, pulverizadores, equipos de rociado y productos de mantenimiento industrial.<\/strong><\/span><\/p>\n\n\n\n<p class=\"has-normal-font-size\"><span class=\"has-inline-color has-pale-cyan-blue-color\"><strong>Un equipo humano cada vez m\u00e1s cualificado, un trato personalizado y un servicio de entrega propio para la comunidad de Madrid, constituyen nuestra mejor base, para nuestra mayor meta:<\/strong><\/span><\/p>\n\n\n\n<p class=\"has-text-align-center has-medium-font-size\"><strong><span style=\"color:#0cd931\" class=\"has-inline-color\">NUESTROS CLIENTES SATISFECHOS<\/span><\/strong><\/p>\n\n\n\n<p class=\"has-normal-font-size\"><span class=\"has-inline-color has-pale-cyan-blue-color\"><strong>N<\/strong><\/span><strong><span class=\"has-inline-color has-pale-cyan-blue-color\">uestra red comercial presente en la Comunidad de Madrid y provincias lim\u00edtrofes y en todo el territorio nacional mediante distribuidores, en formaci\u00f3n continua, \u00a0atender\u00e1 sus peticiones y les asesorar\u00e1 de la manera mas eficaz, para economizar en le uso de\u00a0productos detergentes y optimizar el rendimiento de los mismos, consiguiendo un ahorro en sus costes y un mayor conocimiento de los productos que utiliza.<\/span><br><\/strong><br><span class=\"has-inline-color has-pale-cyan-blue-color\"><strong>Suministramos a todo tipo de industrias y empresas de limpieza en general, art\u00edculos que fabricamos bajo la marca Berol, as\u00ed como complementos de limpieza, celulosa industrial, complementos para lavado, etc.<\/strong><\/span><\/p>\n\n\n\n<h2 class=\"has-text-align-center wp-block-heading\"><u>SOBRE NOSOTROS<\/u><\/h2>\n\n\n\n<p class=\"has-text-align-left has-normal-font-size\"><span class=\"has-inline-color has-pale-cyan-blue-color\"><strong>Con una experiencia de mas de 30 a\u00f1os el sector de automoci\u00f3n y un equipo de venta muy profesionalizado, gracias a la experiencia adquirida con el paso de los a\u00f1os, nuestra empresa ha ido progresando, desde un peque\u00f1o local de no m\u00e1s de 100 m\u00b2 y una venta de productos que se limitaba a Madrid Capital, hasta las instalaciones de la actualidad, con una venta por todo en territorio Nacional, directamente y mediante &nbsp;peque\u00f1os distribuidores en varias provincias Espa\u00f1olas.<br><br>Contamos con unas instalaciones de 1000 m\u00b2, ubicadas en la zona sur de Madrid, &nbsp;para la fabricaci\u00f3n &nbsp;y almacenamiento de nuestros productos. En ellas podemos fabricar mas de 25.000 kg diarios y almacenar mas de 100.000 kg de producto terminado, en envases de &nbsp;5, 10, 25, 60, 220 Lts\/kg. &nbsp;&nbsp;&nbsp;&nbsp;&nbsp;<\/strong><\/span><\/p>\n\n\n\n<p class=\"has-text-align-center\"><img decoding=\"async\" width=\"200\" height=\"149\" class=\"wp-image-475\" style=\"width: 200px;\" src=\"https:\/\/detergentes.berolkemi.es\/wp-content\/uploads\/2021\/10\/almacen-1.jpg\" alt=\"ALMACEN\">    <img decoding=\"async\" width=\"200\" height=\"150\" class=\"wp-image-476\" style=\"width: 200px;\" src=\"https:\/\/detergentes.berolkemi.es\/wp-content\/uploads\/2021\/10\/almacen-drc.jpg\" alt=\"almacen 2\" srcset=\"https:\/\/detergentes.berolkemi.es\/wp-content\/uploads\/2021\/10\/almacen-drc.jpg 532w, https:\/\/detergentes.berolkemi.es\/wp-content\/uploads\/2021\/10\/almacen-drc-300x224.jpg 300w\" sizes=\"(max-width: 200px) 100vw, 200px\" \/>      <img loading=\"lazy\" decoding=\"async\" width=\"200\" height=\"150\" class=\"wp-image-483\" style=\"width: 200px;\" src=\"https:\/\/detergentes.berolkemi.es\/wp-content\/uploads\/2021\/10\/Almacen-4.bmp\" alt=\"\" srcset=\"https:\/\/detergentes.berolkemi.es\/wp-content\/uploads\/2021\/10\/Almacen-4.bmp 640w, https:\/\/detergentes.berolkemi.es\/wp-content\/uploads\/2021\/10\/Almacen-4-300x225.jpg 300w\" sizes=\"(max-width: 200px) 100vw, 200px\" \/><\/p>\n\n\n\n<p class=\"has-text-align-left\"><span class=\"has-inline-color has-pale-cyan-blue-color\"><strong>&nbsp;Gracias a nuestro almac\u00e9n podemos decir, que logramos la plena satisfacci\u00f3n en la entrega de producto a nuestros clientes, con unos plazos de entrega de 48\u201372 horas, a cualquier parte de la pen\u00ednsula.    En la zona de la comunidad de Madrid los plazos a veces son de horas. &nbsp;<\/strong><\/span><\/p>\n\n\n\n<p class=\"has-text-align-center\"><img loading=\"lazy\" decoding=\"async\" width=\"200\" height=\"150\" class=\"wp-image-480\" style=\"width: 200px;\" src=\"https:\/\/detergentes.berolkemi.es\/wp-content\/uploads\/2021\/10\/nave-mp-envases-pq.jpg\" alt=\"\">  <img loading=\"lazy\" decoding=\"async\" width=\"200\" height=\"149\" class=\"wp-image-477\" style=\"width: 200px;\" src=\"https:\/\/detergentes.berolkemi.es\/wp-content\/uploads\/2021\/10\/Almacen-2-1.jpg\" alt=\"\"><\/p>\n\n\n\n<p class=\"has-normal-font-size\"><br><span class=\"has-inline-color has-pale-cyan-blue-color\"><strong>Disponemos de un peque\u00f1o laboratorio propio, para el control de calidad de nuestros fabricados y para la investigaci\u00f3n de nuevos productos, o en caso de precisarlo para la formulaci\u00f3n de los productos fabricados con marca blanca.<\/strong><\/span><\/p>\n\n\n\n<p class=\"has-text-align-center has-normal-font-size\"><img loading=\"lazy\" decoding=\"async\" width=\"150\" height=\"198\" class=\"wp-image-482\" style=\"width: 150px;\" src=\"https:\/\/detergentes.berolkemi.es\/wp-content\/uploads\/2021\/10\/laboratorio-2005.jpg\" alt=\"\" srcset=\"https:\/\/detergentes.berolkemi.es\/wp-content\/uploads\/2021\/10\/laboratorio-2005.jpg 768w, https:\/\/detergentes.berolkemi.es\/wp-content\/uploads\/2021\/10\/laboratorio-2005-228x300.jpg 228w\" sizes=\"(max-width: 150px) 100vw, 150px\" \/>   <img loading=\"lazy\" decoding=\"async\" width=\"180\" height=\"146\" class=\"wp-image-481\" style=\"width: 180px;\" src=\"https:\/\/detergentes.berolkemi.es\/wp-content\/uploads\/2021\/10\/Quimica-2b.jpg\" alt=\"\">    <img decoding=\"async\" class=\"wp-image-484\" style=\"width: 120px;\" src=\"https:\/\/detergentes.berolkemi.es\/wp-content\/uploads\/2021\/10\/quimica-1.jpg\" alt=\"\">  <span class=\"has-inline-color has-pale-cyan-blue-color\"><strong><br><br>Utilizamos los productos autorizados, para la fabricaci\u00f3n de detergentes seg\u00fan la legislaci\u00f3n vigente, las materias primas utilizadas, cumplen con la normativa de calidad ISO 9000 &nbsp;y la de medio ambiente ISO 14000, dado que la mayoria de nuestros proveedores est\u00e1n homologados con estas normas de calidad y medio ambiente.<\/strong><\/span><\/p>\n\n\n\n<p class=\"has-text-align-center\">         <\/p>\n\n\n\n<p>    <\/p>\n<\/div><\/div>\n\n\n\n<p class=\"has-text-align-center\">       <\/p>\n","protected":false},"excerpt":{"rendered":"","protected":false},"author":1,"featured_media":0,"parent":0,"menu_order":0,"comment_status":"closed","ping_status":"closed","template":"template-blank-canvas-full-width.php","meta":{"footnotes":""},"class_list":["post-134","page","type-page","status-publish","hentry"],"_links":{"self":[{"href":"https:\/\/detergentes.berolkemi.es\/index.php\/wp-json\/wp\/v2\/pages\/134","targetHints":{"allow":["GET"]}}],"collection":[{"href":"https:\/\/detergentes.berolkemi.es\/index.php\/wp-json\/wp\/v2\/pages"}],"about":[{"href":"https:\/\/detergentes.berolkemi.es\/index.php\/wp-json\/wp\/v2\/types\/page"}],"author":[{"embeddable":true,"href":"https:\/\/detergentes.berolkemi.es\/index.php\/wp-json\/wp\/v2\/users\/1"}],"replies":[{"embeddable":true,"href":"https:\/\/detergentes.berolkemi.es\/index.php\/wp-json\/wp\/v2\/comments?post=134"}],"version-history":[{"count":8,"href":"https:\/\/detergentes.berolkemi.es\/index.php\/wp-json\/wp\/v2\/pages\/134\/revisions"}],"predecessor-version":[{"id":698,"href":"https:\/\/detergentes.berolkemi.es\/index.php\/wp-json\/wp\/v2\/pages\/134\/revisions\/698"}],"wp:attachment":[{"href":"https:\/\/detergentes.berolkemi.es\/index.php\/wp-json\/wp\/v2\/media?parent=134"}],"curies":[{"name":"wp","href":"https:\/\/api.w.org\/{rel}","templated":true}]}}