{"id":196,"date":"2021-08-30T10:00:50","date_gmt":"2021-08-30T10:00:50","guid":{"rendered":"https:\/\/detergentes.berolkemi.es\/?page_id=196"},"modified":"2021-11-19T17:51:33","modified_gmt":"2021-11-19T17:51:33","slug":"articulos-de-limpieza","status":"publish","type":"page","link":"https:\/\/detergentes.berolkemi.es\/index.php\/articulos-de-limpieza\/","title":{"rendered":"ART\u00cdCULOS DE LIMPIEZA"},"content":{"rendered":"\n<div class=\"wp-block-cover aligncenter has-background-dim-60 has-black-background-color has-background-dim limpiezaEstilos\" style=\"min-height:656px;aspect-ratio:unset;\"><img fetchpriority=\"high\" decoding=\"async\" width=\"1918\" height=\"800\" class=\"wp-block-cover__image-background wp-image-679\" alt=\"\" src=\"https:\/\/detergentes.berolkemi.es\/wp-content\/uploads\/2021\/11\/Fondo-articulos-de-limpieza.png\" data-object-fit=\"cover\" srcset=\"https:\/\/detergentes.berolkemi.es\/wp-content\/uploads\/2021\/11\/Fondo-articulos-de-limpieza.png 1918w, https:\/\/detergentes.berolkemi.es\/wp-content\/uploads\/2021\/11\/Fondo-articulos-de-limpieza-300x125.png 300w, https:\/\/detergentes.berolkemi.es\/wp-content\/uploads\/2021\/11\/Fondo-articulos-de-limpieza-1024x427.png 1024w, https:\/\/detergentes.berolkemi.es\/wp-content\/uploads\/2021\/11\/Fondo-articulos-de-limpieza-768x320.png 768w, https:\/\/detergentes.berolkemi.es\/wp-content\/uploads\/2021\/11\/Fondo-articulos-de-limpieza-1536x641.png 1536w\" sizes=\"(max-width: 1918px) 100vw, 1918px\" \/><div class=\"wp-block-cover__inner-container is-layout-flow wp-block-cover-is-layout-flow\">\n<h2 class=\"has-text-align-center wp-block-heading\"><strong><u><span class=\"has-inline-color has-luminous-vivid-orange-color\">ART\u00cdCULOS DE LIMPIEZA<\/span><\/u><\/strong><\/h2>\n\n\n\n<div style=\"height:27px\" aria-hidden=\"true\" class=\"wp-block-spacer\"><\/div>\n\n\n\n<p class=\"has-text-align-center\"><strong>Adem\u00e1s de los detergentes, disponemos de una  amplia gama de art\u00edculos de limpieza, celulosa, papel higi\u00e9nico, rollos de cocina, dispensadores de papel, estropajos, equipamientos hosteleros, equipamientos para ba\u00f1os y ambientacion, etc.<br>Les mostramos algunos de los art\u00edculos en stock, en el PDF descargable m\u00e1s abajo. <\/strong><\/p>\n\n\n\n<div class=\"wp-block-file\"><a href=\"https:\/\/detergentes.berolkemi.es\/wp-content\/uploads\/2021\/10\/1-C.-Articulos-limpieza-10-21.pdf\">1-C.-Articulos-limpieza-10-21<\/a><a href=\"https:\/\/detergentes.berolkemi.es\/wp-content\/uploads\/2021\/10\/1-C.-Articulos-limpieza-10-21.pdf\" class=\"wp-block-file__button\" download>Descarga<\/a><\/div>\n\n\n\n<div style=\"height:97px\" aria-hidden=\"true\" class=\"wp-block-spacer\"><\/div>\n\n\n\n<p><\/p>\n<\/div><\/div>\n\n\n\n<div class=\"wp-block-file aligncenter\"><a href=\"https:\/\/detergentes.berolkemi.es\/wp-content\/uploads\/2021\/10\/1-C.-Articulos-limpieza-10-21.pdf\">1-C.-Articulos-limpieza-10-21<\/a><a href=\"https:\/\/detergentes.berolkemi.es\/wp-content\/uploads\/2021\/10\/1-C.-Articulos-limpieza-10-21.pdf\" class=\"wp-block-file__button\" download>Descarga<\/a><\/div>\n\n\n\n<p class=\"has-text-align-center\"><\/p>\n","protected":false},"excerpt":{"rendered":"","protected":false},"author":1,"featured_media":0,"parent":0,"menu_order":0,"comment_status":"closed","ping_status":"closed","template":"template-blank-canvas-full-width.php","meta":{"footnotes":""},"class_list":["post-196","page","type-page","status-publish","hentry"],"_links":{"self":[{"href":"https:\/\/detergentes.berolkemi.es\/index.php\/wp-json\/wp\/v2\/pages\/196","targetHints":{"allow":["GET"]}}],"collection":[{"href":"https:\/\/detergentes.berolkemi.es\/index.php\/wp-json\/wp\/v2\/pages"}],"about":[{"href":"https:\/\/detergentes.berolkemi.es\/index.php\/wp-json\/wp\/v2\/types\/page"}],"author":[{"embeddable":true,"href":"https:\/\/detergentes.berolkemi.es\/index.php\/wp-json\/wp\/v2\/users\/1"}],"replies":[{"embeddable":true,"href":"https:\/\/detergentes.berolkemi.es\/index.php\/wp-json\/wp\/v2\/comments?post=196"}],"version-history":[{"count":2,"href":"https:\/\/detergentes.berolkemi.es\/index.php\/wp-json\/wp\/v2\/pages\/196\/revisions"}],"predecessor-version":[{"id":682,"href":"https:\/\/detergentes.berolkemi.es\/index.php\/wp-json\/wp\/v2\/pages\/196\/revisions\/682"}],"wp:attachment":[{"href":"https:\/\/detergentes.berolkemi.es\/index.php\/wp-json\/wp\/v2\/media?parent=196"}],"curies":[{"name":"wp","href":"https:\/\/api.w.org\/{rel}","templated":true}]}}