{"id":27,"date":"2021-06-16T12:27:20","date_gmt":"2021-06-16T12:27:20","guid":{"rendered":"https:\/\/detergentes.berolkemi.es\/?page_id=27"},"modified":"2021-11-19T18:02:10","modified_gmt":"2021-11-19T18:02:10","slug":"inicioo","status":"publish","type":"page","link":"https:\/\/detergentes.berolkemi.es\/","title":{"rendered":"Inicio"},"content":{"rendered":"\n<h2 class=\"has-text-align-center has-vivid-cyan-blue-color has-cyan-bluish-gray-background-color has-text-color has-background wp-block-heading\"><strong><u><span class=\"has-inline-color has-vivid-cyan-blue-color\">C\u00d3MO TE PODEMOS AYUDAR<\/span><\/u><\/strong><\/h2>\n\n\n\n<p> En Berolkemi desde 1992, fabricamos detergentes industriales y suministramos productos de limpieza y mantenimiento en general. <\/p>\n\n\n\n<p class=\"has-background\" style=\"background-color:#dfeae8\">Contamos con una amplia gama de productos para aportar soluciones de limpieza, adem\u00e1s de un equipo comercial muy profesionalizado y con una dilatada experiencia  para poder asesorarle de la mejor forma posible.<\/p>\n\n\n\n<p class=\"has-background\" style=\"background-color:#dfeae8\">Nuestro departamento comercial en continua formaci\u00f3n, le ofrecer\u00e1 aquellos productos que mejor se adapten a sus necesidades, sin necesidad de grandes pedidos iniciales, ni altas inversiones.<\/p>\n\n\n\n<p class=\"has-background\" style=\"background-color:#dfeae8\">Apoyamos a nuestros clientes, para que puedan conseguir optimizar la utilizaci\u00f3n de los productos, consiguiendo mejorar la aplicaci\u00f3n de los mismos en menor tiempo y con mayor rentabilidad  en su utilizaci\u00f3n.<\/p>\n\n\n\n<p class=\"has-background\" style=\"background-color:#dfeae8\">Todos nuestros productos est\u00e1n disponibles envases de 5, 10, 25, 220 Kg\/Lts de capacidad, lo que nos permite suministrarle, lo que necesite, sin inversiones en grandes pedidos. Suministramos ademas,  una amplia gama de productos para darle el mejor servicio y que no tenga que depender de distintos proveedores.<\/p>\n\n\n\n<p class=\"has-background\" style=\"background-color:#dfeae8\">Visitas comerciales personalizadas, muestras de producto y demostraciones del uso de los mismos sin cargo, gastos de envio incluidos en Comunidad de Madrid  en pedidos de bajo importe, para poder ser su<\/p>\n\n\n\n<p class=\"has-text-align-center has-background\" style=\"background-color:#dfeae8\">                                   <strong>  Visitas personalizadas<\/strong>, <strong>muestras de producto, pedidos ajustados, envios incuidos y rapidos,  todo lo necesario para poder convertirnos en: <\/strong><\/p>\n\n\n\n<p class=\"has-text-align-center has-large-font-size\"><strong><span style=\"color:#3a444f\" class=\"has-inline-color\">SU PROVEEDOR DE REFERENCIA<\/span><\/strong><\/p>\n\n\n\n<p class=\"has-text-align-center\"><img decoding=\"async\" width=\"150\" height=\"122\" class=\"wp-image-472\" style=\"width: 150px;\" src=\"https:\/\/detergentes.berolkemi.es\/wp-content\/uploads\/2021\/10\/berolim-color-pq.bmp\" alt=\"\" srcset=\"https:\/\/detergentes.berolkemi.es\/wp-content\/uploads\/2021\/10\/berolim-color-pq.bmp 373w, https:\/\/detergentes.berolkemi.es\/wp-content\/uploads\/2021\/10\/berolim-color-pq-300x244.jpg 300w\" sizes=\"(max-width: 150px) 100vw, 150px\" \/><\/p>\n\n\n\n<p class=\"has-text-align-center\"><strong>                                                                         CONTACTE CON NOSOTROS<\/strong>                                                                                                   <strong>916 46 05 42<\/strong><\/p>\n","protected":false},"excerpt":{"rendered":"<p>C\u00d3MO TE PODEMOS AYUDAR En Berolkemi desde 1992, fabricamos detergentes industriales y suministramos productos de limpieza y mantenimiento en general. Contamos con una amplia gama de productos para aportar soluciones de limpieza, adem\u00e1s de un equipo comercial muy profesionalizado y con una dilatada experiencia para poder asesorarle de la mejor forma posible. Nuestro departamento comercial en continua formaci\u00f3n, le ofrecer\u00e1 aquellos productos que mejor se adapten a sus necesidades, sin necesidad de grandes pedidos iniciales, ni altas inversiones. Apoyamos a nuestros clientes, para que puedan conseguir optimizar la utilizaci\u00f3n de los productos, consiguiendo mejorar la aplicaci\u00f3n de los mismos en menor tiempo y con mayor rentabilidad en su utilizaci\u00f3n. Todos&hellip; <a class=\"read-more\" href=\"https:\/\/detergentes.berolkemi.es\/\">Leer m\u00e1s<\/a><\/p>\n","protected":false},"author":1,"featured_media":0,"parent":0,"menu_order":0,"comment_status":"closed","ping_status":"closed","template":"","meta":{"footnotes":""},"class_list":["post-27","page","type-page","status-publish","hentry"],"_links":{"self":[{"href":"https:\/\/detergentes.berolkemi.es\/index.php\/wp-json\/wp\/v2\/pages\/27","targetHints":{"allow":["GET"]}}],"collection":[{"href":"https:\/\/detergentes.berolkemi.es\/index.php\/wp-json\/wp\/v2\/pages"}],"about":[{"href":"https:\/\/detergentes.berolkemi.es\/index.php\/wp-json\/wp\/v2\/types\/page"}],"author":[{"embeddable":true,"href":"https:\/\/detergentes.berolkemi.es\/index.php\/wp-json\/wp\/v2\/users\/1"}],"replies":[{"embeddable":true,"href":"https:\/\/detergentes.berolkemi.es\/index.php\/wp-json\/wp\/v2\/comments?post=27"}],"version-history":[{"count":13,"href":"https:\/\/detergentes.berolkemi.es\/index.php\/wp-json\/wp\/v2\/pages\/27\/revisions"}],"predecessor-version":[{"id":687,"href":"https:\/\/detergentes.berolkemi.es\/index.php\/wp-json\/wp\/v2\/pages\/27\/revisions\/687"}],"wp:attachment":[{"href":"https:\/\/detergentes.berolkemi.es\/index.php\/wp-json\/wp\/v2\/media?parent=27"}],"curies":[{"name":"wp","href":"https:\/\/api.w.org\/{rel}","templated":true}]}}