{"id":73,"date":"2021-06-21T11:04:54","date_gmt":"2021-06-21T11:04:54","guid":{"rendered":"https:\/\/detergentes.berolkemi.es\/?page_id=73"},"modified":"2022-01-05T12:44:39","modified_gmt":"2022-01-05T12:44:39","slug":"detergentes-hosteleria-2","status":"publish","type":"page","link":"https:\/\/detergentes.berolkemi.es\/index.php\/detergentes-hosteleria-2\/","title":{"rendered":"DETERGENTES HOSTELER\u00cdA"},"content":{"rendered":"\n<div style=\"height:65px\" aria-hidden=\"true\" class=\"wp-block-spacer\"><\/div>\n\n\n\n<h2 class=\"has-text-align-center wp-block-heading\"><strong>DETERGENTES HOSTELER\u00cdA<\/strong><\/h2>\n\n\n\n<div style=\"height:25px\" aria-hidden=\"true\" class=\"wp-block-spacer\"><\/div>\n\n\n\n<p><strong>DETERGENTES LAVAVAJILLAS:\u00a0<\/strong>Detergente especiales tolerantes con aguas duras y  reforzados para aguas duras. Para limpieza en general  de  vajillas, cuberter\u00edas, cristaler\u00edas, en m\u00e1quinas lavavajillas,  lava vasos, \u00a0y t\u00fanel de lavado industrial.<br>Uso recomendado mediante dosificador de la m\u00e1quina indicado para ello.<\/p>\n\n\n\n<p> <strong>BEROL 701 :<\/strong> Detergente L\u00edquido  tolerante con aguas duras para m\u00e1quinas Lavavajillas <\/p>\n\n\n\n<p> <strong>BEROL 701-R :<\/strong> Detergente L\u00edquido  reforzado, especial aguas duras, para m\u00e1quinas Lavavajillas  <\/p>\n\n\n\n<p> <strong>LAVAMAC :<\/strong> Detergente L\u00edquido especial  para m\u00e1quinas Lavavajillas. <\/p>\n\n\n\n<p><strong>BEROL 703<\/strong> : Liquido descalcificante limpiador interior de  m\u00e1quinas lavavajillas.  <\/p>\n\n\n\n<p> Garrafas disponibles de  5, 6, 10 , 12 y 25 Kilos  de capacidad ,  dependiendo del producto , los envases de 5 o 6 Kg , se venden en cajas de 4  garrafas.   <\/p>\n\n\n\n<p><strong>ABRILLANTADORES:<\/strong>\u00a0Productos especialmente formulados, para producir un efecto de secado rapido en la vajilla y cristaler\u00eda, ademas de evitar la acumulaci\u00f3n de gotas de agua que producen manchas, obteniendo un gran efecto brillo en toda la cristaler\u00eda.<br>Uso recomendado mediante dosificador de la m\u00e1quina indicado para ello. Envases disponibles: 5 , 10 y 25 litros.<\/p>\n\n\n\n<p> <strong>BEROL 702 : <\/strong>L\u00edquido abrillantador tolerante con aguas duras para m\u00e1quinas Lavavajillas <\/p>\n\n\n\n<p>  <strong>BEROL 702-R :<\/strong> L\u00edquido abrillantador  reforzado, especial aguas duras, para m\u00e1quinas Lavavajillas   <\/p>\n\n\n\n<p> <strong>BRILLAMAC :<\/strong> L\u00edquido abrillantador especial  para m\u00e1quinas Lavavajillas.   <\/p>\n\n\n\n<p><strong>LAVADO MANUAL:\u00a0<\/strong>Productos concentrados, de ph neutro para lavado manual y desengrase de cristaleria, menaje, cuberteria, vajilla, ollas, marmitas, su densa espuma ayuda a desengrasar y actua como lubricante para no rallar las piezas delicadas. Contiene \u00e1cido grasos de coco, que ayudan \u00a0proteger la piel. \u00a0Disponible en envases de 5, 10 y 25 Kilos.<\/p>\n\n\n\n<p>   <strong>Berol 704: <\/strong> L\u00edquido  viscoso cocentrado, perfumado a lim\u00f3n, para lavado de vajillas manualmente.<\/p>\n\n\n\n<p>  <strong>Berol 704-C:<\/strong>  L\u00edquido viscoso super concentrado , perfumado a manzana, para lavado de vajillas manualmente.<\/p>\n\n\n\n<p> Garrafas disponibles de  5, 10 y 25 Litros  de capacidad , los envases de 5 Lt, se venden en cajas de 4  garrafas.    <\/p>\n\n\n\n<p><strong>LIMPIADORES GENERALES Y SUELOS:<\/strong>\u00a0Detergentes para limpieza de superficies y suelos, altamente perfumados para limpieza en general en hoteles, cafeter\u00edas, restaurantes, trenes, aviones, residencias, \u00a0limpian y desengrasan de manera eficaz, sin producir mucha espuma, y secan sin dejar huella, dejando un agradable olor despues de su uso.<\/p>\n\n\n\n<p><strong>BEROL 705 <\/strong>: Detergente Limpiador Amoniacal pino, perfumado<\/p>\n\n\n\n<p><strong>BEROL 705-N:<\/strong> DEtergentes apra suelos Neutro, especial, madera, y suelos abrillantados. <\/p>\n\n\n\n<p><strong>BEROL 719 :<\/strong> Fregasuelos l\u00edquido , altamente eprfumados, Disponible en olor, Lim\u00f3n o  Manzana.<\/p>\n\n\n\n<p> Garrafas disponibles de  5, 10 y 25 Litros  de capacidad , los envases de 5 Lt, se venden en cajas de 4  garrafas.   <\/p>\n\n\n\n<p><\/p>\n\n\n\n<p> Garrafas disponibles de  5, 10 y 25 Litros  de capacidad , los envases de 5 Lt, se venden en cajas de 4  garrafas.  <strong><br><\/strong><\/p>\n\n\n\n<p><strong>LIMPIA CRISTALES:\u00a0<\/strong>Producto concentrado \u00a0esengrasante para limpieza de cristales, espejos, validos tambi\u00e9n como limpiadores con bioalcohol. Uso recomendado al 50% diluido con agua.<\/p>\n\n\n\n<p><strong> Berol Cristalim:<\/strong> Limpia Cristales Multiusos Desengrasnate concentrado <br><strong> Cristalim UD: <\/strong>  Limpia Cristales especial uso directo.<\/p>\n\n\n\n<p>Garrafas disponibles de  5, 10 y 25 Kg. de capacidad , los envases de 5 Kg, se venden en cajas de 4  garrafas. <\/p>\n\n\n\n<p><strong>DESENGRASANTES MULTIUSOS CONCENTRADOS:<\/strong>\u00a0En la limpieza di\u00e1ria en cocinas, planchas y hosteler\u00eda en general, productos muy vers\u00e1tiles, desengrasan con facilidad todo tipo de grasas, animales, vegetales, restos de comida, etc.<\/p>\n\n\n\n<p>Productos<\/p>\n\n\n\n<p>  <strong>Berol 708<\/strong> : Desengrasante Multiusos Concentrado<\/p>\n\n\n\n<p>  <strong>Berol 709<\/strong> :, Desengrasante Concentrado Limpia Planchas y Hornos<\/p>\n\n\n\n<p> <strong>Berol 728<\/strong> : Desengrasante Multiusos Concnetrado En\u00e9rgico<\/p>\n\n\n\n<p><strong> Desgrasol<\/strong>: Desengrasante Especial  Multiusos <\/p>\n\n\n\n<p>  <strong>Limplas<\/strong>: Desengrasante Especial Limpia Planchas<\/p>\n\n\n\n<p><strong> Desgrasol UD:<\/strong> Desengrasante especial uso directo<br>Garrafas disponibles de  5, 12 y 25 Kg. de capacidad , los envases de 5 Kg, se venden en cajas de 4  garrafas.<\/p>\n\n\n\n<p><strong><br>PRODUCTOS LAVA MANOS:\u00a0<\/strong>Productos  especialmente dise\u00f1ados, para su uso en Hosteler\u00eda y Colectividades,  geles viscosos perfumados para limpieza de manos, en oficinas, cafeter\u00edas, restaurantes, hoteles, aviones, autocares, trenes, industria alimentaria, etc.<br>Uso recomendado mediante jaboneras o dispensadores de jab\u00f3n.<\/p>\n\n\n\n<p><strong>Berol 710 : <\/strong>Gel de Manos , perumado en fresa o lim\u00f3n.<\/p>\n\n\n\n<p><strong>Dermo Gel Mesana : <\/strong>Gel de manos tipo dermo.<\/p>\n\n\n\n<p> Garrafas disponibles de 5 Litros y 10 Litros,  los envases de 5 Kg, se venden en cajas de 4  garrafas. <\/p>\n\n\n\n<p><strong>PRODUCTOS PARA LAVADO DE ROPA:<\/strong>\u00a0Detergentes l\u00edquidos concentrados y perfumados, as\u00ed como suavizante de ropa altamente perfumado, para su uso en colectividades, hoteles, residencias, restaurantes, etc. Valido para todo tipo de ropa y tejidos, eliminan manchas resistentes, sin da\u00f1ar los tejidos. Disponible tambi\u00e9n detergente Lavadora en polvo , sacos de 10 kilos de peso.<br><\/p>\n\n\n\n<p>  <strong>Berol 711<\/strong>:Detergente liquido concenrtdo perdumado.<\/p>\n\n\n\n<p>  <strong>Berol 712<\/strong> : Suavizante l\u00edquido concentrado altamente perfumado.<\/p>\n\n\n\n<p>Garrafas disponibles de  5, 12 y 25 Kg. de capacidad , los envases de 5 Kg, se venden en cajas de 4  garrafas. <\/p>\n","protected":false},"excerpt":{"rendered":"<p>DETERGENTES HOSTELER\u00cdA DETERGENTES LAVAVAJILLAS:\u00a0Detergente especiales tolerantes con aguas duras y reforzados para aguas duras. Para limpieza en general de vajillas, cuberter\u00edas, cristaler\u00edas, en m\u00e1quinas lavavajillas, lava vasos, \u00a0y t\u00fanel de lavado industrial.Uso recomendado mediante dosificador de la m\u00e1quina indicado para ello. BEROL 701 : Detergente L\u00edquido tolerante con aguas duras para m\u00e1quinas Lavavajillas BEROL 701-R : Detergente L\u00edquido reforzado, especial aguas duras, para m\u00e1quinas Lavavajillas LAVAMAC : Detergente L\u00edquido especial para m\u00e1quinas Lavavajillas. BEROL 703 : Liquido descalcificante limpiador interior de m\u00e1quinas lavavajillas. Garrafas disponibles de 5, 6, 10 , 12 y 25 Kilos de capacidad , dependiendo del producto , los envases de 5 o 6 Kg , se&hellip; <a class=\"read-more\" href=\"https:\/\/detergentes.berolkemi.es\/index.php\/detergentes-hosteleria-2\/\">Leer m\u00e1s<\/a><\/p>\n","protected":false},"author":1,"featured_media":0,"parent":0,"menu_order":0,"comment_status":"closed","ping_status":"closed","template":"template-blank-canvas.php","meta":{"footnotes":""},"class_list":["post-73","page","type-page","status-publish","hentry"],"_links":{"self":[{"href":"https:\/\/detergentes.berolkemi.es\/index.php\/wp-json\/wp\/v2\/pages\/73","targetHints":{"allow":["GET"]}}],"collection":[{"href":"https:\/\/detergentes.berolkemi.es\/index.php\/wp-json\/wp\/v2\/pages"}],"about":[{"href":"https:\/\/detergentes.berolkemi.es\/index.php\/wp-json\/wp\/v2\/types\/page"}],"author":[{"embeddable":true,"href":"https:\/\/detergentes.berolkemi.es\/index.php\/wp-json\/wp\/v2\/users\/1"}],"replies":[{"embeddable":true,"href":"https:\/\/detergentes.berolkemi.es\/index.php\/wp-json\/wp\/v2\/comments?post=73"}],"version-history":[{"count":4,"href":"https:\/\/detergentes.berolkemi.es\/index.php\/wp-json\/wp\/v2\/pages\/73\/revisions"}],"predecessor-version":[{"id":719,"href":"https:\/\/detergentes.berolkemi.es\/index.php\/wp-json\/wp\/v2\/pages\/73\/revisions\/719"}],"wp:attachment":[{"href":"https:\/\/detergentes.berolkemi.es\/index.php\/wp-json\/wp\/v2\/media?parent=73"}],"curies":[{"name":"wp","href":"https:\/\/api.w.org\/{rel}","templated":true}]}}