{"id":99,"date":"2021-06-30T10:23:33","date_gmt":"2021-06-30T10:23:33","guid":{"rendered":"https:\/\/detergentes.berolkemi.es\/?page_id=99"},"modified":"2021-12-10T16:46:04","modified_gmt":"2021-12-10T16:46:04","slug":"productos-automocion","status":"publish","type":"page","link":"https:\/\/detergentes.berolkemi.es\/index.php\/productos-automocion\/","title":{"rendered":"AUTOMOCI\u00d3N"},"content":{"rendered":"\n<div class=\"wp-block-cover alignfull has-background-dim wp-duotone-000000-ffffff-1\"><img fetchpriority=\"high\" decoding=\"async\" width=\"600\" height=\"400\" class=\"wp-block-cover__image-background wp-image-122\" alt=\"\" src=\"https:\/\/detergentes.berolkemi.es\/wp-content\/uploads\/2021\/07\/rociado_equipo.jpg\" data-object-fit=\"cover\" srcset=\"https:\/\/detergentes.berolkemi.es\/wp-content\/uploads\/2021\/07\/rociado_equipo.jpg 600w, https:\/\/detergentes.berolkemi.es\/wp-content\/uploads\/2021\/07\/rociado_equipo-300x200.jpg 300w\" sizes=\"(max-width: 600px) 100vw, 600px\" \/><div class=\"wp-block-cover__inner-container is-layout-flow wp-block-cover-is-layout-flow\">\n<h2 class=\"has-text-align-center wp-block-heading\"><strong><u>PRODUCTOS DE AUTOMOCI\u00d3N<\/u><\/strong><\/h2>\n\n\n\n<p><a href=\"https:\/\/detergentes.berolkemi.es\/index.php\/detergentes-automocion\/\" data-type=\"URL\" data-id=\"https:\/\/detergentes.berolkemi.es\/index.php\/detergentes-automocion\/\"><strong><span class=\"has-inline-color has-white-color\">&nbsp;<\/span><\/strong><span class=\"has-inline-color has-white-color\"><strong>D<\/strong><\/span><\/a><a rel=\"noreferrer noopener\" href=\"https:\/\/detergentes.berolkemi.es\/index.php\/detergentes-automocion\/\" data-type=\"URL\" data-id=\"https:\/\/detergentes.berolkemi.es\/index.php\/detergentes-automocion\/\" target=\"_blank\"><span class=\"has-inline-color has-white-color\"><strong>ETERGENTES:<\/strong><\/span><\/a><kbd><a href=\"https:\/\/detergentes.berolkemi.es\/index.php\/detergentes-automocion\/\" data-type=\"URL\" data-id=\"https:\/\/detergentes.berolkemi.es\/index.php\/detergentes-automocion\/\"><strong><span class=\"has-inline-color has-white-color\"> <\/span><\/strong><\/a><\/kbd><strong>Desengrasantes multiusos, desengrasantes espumantes para boxers de lavado, champ\u00fas y espumas activas para lavado manual y autom\u00e1tico, desparafinantes, desencerantes, eliminadores de oxidos en carrocer\u00edas,  limpia llantas, productos para limpieza y mantenimiento integral de veh\u00edculos, limpia motores, limpia tapicer\u00edas, productos abrillantadores para interiores y exteriores, limpia cristales, anticongelantes<\/strong>,<strong> lavaparabrisas de uso directo.<\/strong><\/p>\n\n\n\n<p><strong><strong>COMPLEMENTOS DE LAVADO <\/strong>: C<strong>epillos  para lavado exterior de veh\u00edculos, cepillos manuales para tapicerias y llantas, mangos y barras alargadoras  apra cepillos de lavado, &nbsp; esponjas, bayetas micro fibras,  gamuzas sint\u00e9ticas y de piel de cordero para secado de carrocerias, hidra flexy de secado, guantes de micro fibra , peluchones espciales, cubos  para lavado, limpia cristales dos usos extensibles, etc&#8230;<\/strong><\/strong><\/p>\n\n\n\n<p><strong>EQUIPOS DE ROCIADO: P<strong>ulverizadores profesionales regulables , pulverizadores de presi\u00f3n de varias capacidades y para distintos tipos de l\u00edquidos, pulverizadores espumantes,  rociadores manuales, equipos de rociado a presi\u00f3n,  calderines  espumogenos, venturis de pulverizaci\u00f3n, lanzas de rociado para nuestros equipos,  etc&#8230;<\/strong><\/strong><\/p>\n\n\n\n<p><strong>CELULOSA INDUSTRIAL:<\/strong> <strong> <strong>Bobinas de papel  mec\u00e1nico  de varias calidades y formatos,   papel secamanos, soportes para bobinas de mec\u00e1nicos y  dispensadores de papel en general, toallas de papel, papel higi\u00e9nico,  etc&#8230;<\/strong><\/strong><\/p>\n\n\n\n<p> <strong>PROTECCION DE VEHICULOS:<\/strong> <strong> Fundas para asientos en blanco o personalizadas , alfombrillas de papel, film cubre bolante, fundas elasticas para volantes, kits completos de proteccion , expositores de alfombrillas y fundas<\/strong>. <\/p>\n\n\n\n<p><strong>REPUESTOS DE MAQUINARIA:<\/strong> <strong><strong> Complementos para m\u00e1quinas de limpieza, boquillas de aspiracion  de varias longitudes y tama\u00f1os,   tubos  aspiracion de goma flexible de diametros  36 , 40 y 50 de  para distintos tipos de  m\u00e1quinas,   boquillas con maneta para m\u00e1quinas de tapicer\u00edas<\/strong>. latiguillos, pistolas de agua caliente, boquillas de presi\u00f3n, mangeras de presi\u00f3n a medida, etc.<\/strong><\/p>\n\n\n\n<p>MANTENIMIENTO Y PROTECCION PERSONAL:  <strong>Lavamanos  desengrasates, en l\u00edquido y en pasta con arrastre, guantes de proteccion de varias calidades, sepiolita antiderrames, kits de derrames profesionales para hidrocarburos,  EPIS:  mascarillas FFP2, mascaras de proteccion con filtros recambiables,  gafas de protecci\u00f3n ocular, Linternas recargables, <\/strong><\/p>\n\n\n\n<p class=\"has-text-align-center\">Puede ver mas abajo informacion detallada haciendo click sobre los  distintos apartados <\/p>\n<\/div><\/div>\n\n\n\n<div style=\"height:45px\" aria-hidden=\"true\" class=\"wp-block-spacer\"><\/div>\n\n\n\n<div class=\"wp-block-media-text alignwide is-stacked-on-mobile is-vertically-aligned-center\" style=\"grid-template-columns:15% auto\"><figure class=\"wp-block-media-text__media\"><a href=\"https:\/\/detergentes.berolkemi.es\/index.php\/detergentes-automocion\" target=\"_blank\" rel=\"noopener\"><img decoding=\"async\" width=\"482\" height=\"544\" src=\"https:\/\/detergentes.berolkemi.es\/wp-content\/uploads\/2021\/10\/garrafas-AUTOMOCION-fondo-blanco.jpg\" alt=\"\" class=\"wp-image-281 size-full\" srcset=\"https:\/\/detergentes.berolkemi.es\/wp-content\/uploads\/2021\/10\/garrafas-AUTOMOCION-fondo-blanco.jpg 482w, https:\/\/detergentes.berolkemi.es\/wp-content\/uploads\/2021\/10\/garrafas-AUTOMOCION-fondo-blanco-266x300.jpg 266w\" sizes=\"(max-width: 482px) 100vw, 482px\" \/><\/a><\/figure><div class=\"wp-block-media-text__content\">\n<p class=\"has-text-align-center has-large-font-size\"><a href=\"https:\/\/detergentes.berolkemi.es\/index.php\/detergentes-automocion\/\" data-type=\"page\" data-id=\"106\"><strong><span class=\"has-inline-color has-vivid-cyan-blue-color\">Detergentes automoci\u00f3n<\/span><\/strong><\/a><\/p>\n<\/div><\/div>\n\n\n\n<hr class=\"wp-block-separator\"\/>\n\n\n\n<div class=\"wp-block-media-text alignwide is-stacked-on-mobile is-vertically-aligned-center\" style=\"grid-template-columns:15% auto\"><figure class=\"wp-block-media-text__media\"><img decoding=\"async\" width=\"958\" height=\"702\" src=\"https:\/\/detergentes.berolkemi.es\/wp-content\/uploads\/2021\/10\/FOTO-Complementos-1.jpg\" alt=\"\" class=\"wp-image-280 size-full\" srcset=\"https:\/\/detergentes.berolkemi.es\/wp-content\/uploads\/2021\/10\/FOTO-Complementos-1.jpg 958w, https:\/\/detergentes.berolkemi.es\/wp-content\/uploads\/2021\/10\/FOTO-Complementos-1-300x220.jpg 300w, https:\/\/detergentes.berolkemi.es\/wp-content\/uploads\/2021\/10\/FOTO-Complementos-1-768x563.jpg 768w\" sizes=\"(max-width: 958px) 100vw, 958px\" \/><\/figure><div class=\"wp-block-media-text__content\">\n<p class=\"has-text-align-center has-large-font-size\"><a href=\"https:\/\/detergentes.berolkemi.es\/index.php\/complementos-de-lavado\/\" data-type=\"page\" data-id=\"114\"><strong><span class=\"has-inline-color has-vivid-cyan-blue-color\">Complementos de lavado<\/span><\/strong><\/a><\/p>\n<\/div><\/div>\n\n\n\n<hr class=\"wp-block-separator\"\/>\n\n\n\n<div class=\"wp-block-media-text alignwide is-stacked-on-mobile is-vertically-aligned-center\" style=\"grid-template-columns:15% auto\"><figure class=\"wp-block-media-text__media\"><img loading=\"lazy\" decoding=\"async\" width=\"842\" height=\"728\" src=\"https:\/\/detergentes.berolkemi.es\/wp-content\/uploads\/2021\/10\/Equipos-rociado.jpg\" alt=\"\" class=\"wp-image-282 size-full\" srcset=\"https:\/\/detergentes.berolkemi.es\/wp-content\/uploads\/2021\/10\/Equipos-rociado.jpg 842w, https:\/\/detergentes.berolkemi.es\/wp-content\/uploads\/2021\/10\/Equipos-rociado-300x259.jpg 300w, https:\/\/detergentes.berolkemi.es\/wp-content\/uploads\/2021\/10\/Equipos-rociado-768x664.jpg 768w\" sizes=\"(max-width: 842px) 100vw, 842px\" \/><\/figure><div class=\"wp-block-media-text__content\">\n<p class=\"has-text-align-center has-large-font-size\"><a rel=\"noreferrer noopener\" href=\"https:\/\/detergentes.berolkemi.es\/index.php\/equipos-de-rociado\/\" data-type=\"page\" data-id=\"121\" target=\"_blank\"><strong><span class=\"has-inline-color has-vivid-cyan-blue-color\">Equipos de rociado<\/span><\/strong><\/a><\/p>\n<\/div><\/div>\n\n\n\n<hr class=\"wp-block-separator is-style-default\"\/>\n\n\n\n<div class=\"wp-block-media-text alignwide is-stacked-on-mobile is-vertically-aligned-center\" style=\"grid-template-columns:16% auto\"><figure class=\"wp-block-media-text__media\"><a href=\"https:\/\/detergentes.berolkemi.es\/wp-admin\/post.php?post=93&amp;action=edit\"><img loading=\"lazy\" decoding=\"async\" width=\"819\" height=\"555\" src=\"https:\/\/detergentes.berolkemi.es\/wp-content\/uploads\/2021\/10\/Celulosa-y-complementos.jpg\" alt=\"\" class=\"wp-image-490 size-full\" srcset=\"https:\/\/detergentes.berolkemi.es\/wp-content\/uploads\/2021\/10\/Celulosa-y-complementos.jpg 819w, https:\/\/detergentes.berolkemi.es\/wp-content\/uploads\/2021\/10\/Celulosa-y-complementos-300x203.jpg 300w, https:\/\/detergentes.berolkemi.es\/wp-content\/uploads\/2021\/10\/Celulosa-y-complementos-768x520.jpg 768w\" sizes=\"(max-width: 819px) 100vw, 819px\" \/><\/a><\/figure><div class=\"wp-block-media-text__content\">\n<p class=\"has-text-align-center has-large-font-size\">  <a href=\"https:\/\/detergentes.berolkemi.es\/wp-admin\/post.php?post=93&amp;action=edit\" data-type=\"page\"><span class=\"has-inline-color has-vivid-cyan-blue-color\"><strong>Celulosa y complementos<\/strong><\/span><\/a><\/p>\n\n\n\n<p class=\"has-vivid-cyan-blue-color has-text-color has-large-font-size\"><strong><span class=\"has-inline-color has-vivid-cyan-blue-color\"><\/span><\/strong><\/p>\n<\/div><\/div>\n\n\n\n<hr class=\"wp-block-separator\"\/>\n\n\n\n<div class=\"wp-block-media-text alignwide is-stacked-on-mobile\" style=\"grid-template-columns:23% auto\"><figure class=\"wp-block-media-text__media\"><img loading=\"lazy\" decoding=\"async\" width=\"463\" height=\"255\" src=\"https:\/\/detergentes.berolkemi.es\/wp-content\/uploads\/2021\/12\/Cabecera-proteccion-vehiculos-1.png\" alt=\"\" class=\"wp-image-707 size-full\" srcset=\"https:\/\/detergentes.berolkemi.es\/wp-content\/uploads\/2021\/12\/Cabecera-proteccion-vehiculos-1.png 463w, https:\/\/detergentes.berolkemi.es\/wp-content\/uploads\/2021\/12\/Cabecera-proteccion-vehiculos-1-300x165.png 300w\" sizes=\"(max-width: 463px) 100vw, 463px\" \/><\/figure><div class=\"wp-block-media-text__content\">\n<p class=\"has-text-align-center has-large-font-size\"><span class=\"has-inline-color has-vivid-cyan-blue-color\"><strong>Proteccion de veh\u00edculos<\/strong><\/span><\/p>\n\n\n\n<p><\/p>\n\n\n\n<p><\/p>\n<\/div><\/div>\n\n\n\n<hr class=\"wp-block-separator\"\/>\n\n\n\n<div class=\"wp-block-media-text alignwide is-stacked-on-mobile is-vertically-aligned-top\" style=\"grid-template-columns:21% auto\"><figure class=\"wp-block-media-text__media\"><img loading=\"lazy\" decoding=\"async\" width=\"662\" height=\"402\" src=\"https:\/\/detergentes.berolkemi.es\/wp-content\/uploads\/2021\/12\/Accesorios-Maquinaria-2.jpg\" alt=\"\" class=\"wp-image-710 size-full\" srcset=\"https:\/\/detergentes.berolkemi.es\/wp-content\/uploads\/2021\/12\/Accesorios-Maquinaria-2.jpg 662w, https:\/\/detergentes.berolkemi.es\/wp-content\/uploads\/2021\/12\/Accesorios-Maquinaria-2-300x182.jpg 300w\" sizes=\"(max-width: 662px) 100vw, 662px\" \/><\/figure><div class=\"wp-block-media-text__content\">\n<p class=\"has-text-align-center has-large-font-size\">    <span class=\"has-inline-color has-vivid-cyan-blue-color\"><strong>Repuestos de Maquinaria<\/strong><\/span><\/p>\n<\/div><\/div>\n\n\n\n<hr class=\"wp-block-separator\"\/>\n\n\n\n<div class=\"wp-block-media-text alignwide is-stacked-on-mobile\"><figure class=\"wp-block-media-text__media\"><\/figure><div class=\"wp-block-media-text__content\">\n<p class=\"has-text-align-center has-large-font-size\"><strong><span class=\"has-inline-color has-vivid-cyan-blue-color\">Proteccion Personal<\/span><\/strong><\/p>\n<\/div><\/div>\n\n\n\n<hr class=\"wp-block-separator\"\/>\n\n\n\n<div class=\"wp-block-media-text alignwide is-stacked-on-mobile is-vertically-aligned-center\" style=\"grid-template-columns:24% auto\"><figure class=\"wp-block-media-text__media\"><img loading=\"lazy\" decoding=\"async\" width=\"600\" height=\"300\" src=\"https:\/\/detergentes.berolkemi.es\/wp-content\/uploads\/2021\/06\/automocion-1.jpg\" alt=\"\" class=\"wp-image-103 size-full\" srcset=\"https:\/\/detergentes.berolkemi.es\/wp-content\/uploads\/2021\/06\/automocion-1.jpg 600w, https:\/\/detergentes.berolkemi.es\/wp-content\/uploads\/2021\/06\/automocion-1-300x150.jpg 300w\" sizes=\"(max-width: 600px) 100vw, 600px\" \/><\/figure><div class=\"wp-block-media-text__content\">\n<p class=\"has-text-align-center has-large-font-size\"><a href=\"https:\/\/detergentes.berolkemi.es\/index.php\/https-youtu-be-timqnjhbu38\/\" data-type=\"page\" target=\"_blank\" rel=\"noreferrer noopener\"><strong>Demos<\/strong><\/a><\/p>\n<\/div><\/div>\n\n\n\n<hr class=\"wp-block-separator\"\/>\n\n\n\n<p><\/p>\n","protected":false},"excerpt":{"rendered":"<p>Detergentes automoci\u00f3n Complementos de lavado Equipos de rociado Celulosa y complementos Proteccion de veh\u00edculos Repuestos de Maquinaria Proteccion Personal Demos<\/p>\n","protected":false},"author":1,"featured_media":0,"parent":0,"menu_order":0,"comment_status":"closed","ping_status":"closed","template":"","meta":{"footnotes":""},"class_list":["post-99","page","type-page","status-publish","hentry"],"_links":{"self":[{"href":"https:\/\/detergentes.berolkemi.es\/index.php\/wp-json\/wp\/v2\/pages\/99","targetHints":{"allow":["GET"]}}],"collection":[{"href":"https:\/\/detergentes.berolkemi.es\/index.php\/wp-json\/wp\/v2\/pages"}],"about":[{"href":"https:\/\/detergentes.berolkemi.es\/index.php\/wp-json\/wp\/v2\/types\/page"}],"author":[{"embeddable":true,"href":"https:\/\/detergentes.berolkemi.es\/index.php\/wp-json\/wp\/v2\/users\/1"}],"replies":[{"embeddable":true,"href":"https:\/\/detergentes.berolkemi.es\/index.php\/wp-json\/wp\/v2\/comments?post=99"}],"version-history":[{"count":10,"href":"https:\/\/detergentes.berolkemi.es\/index.php\/wp-json\/wp\/v2\/pages\/99\/revisions"}],"predecessor-version":[{"id":712,"href":"https:\/\/detergentes.berolkemi.es\/index.php\/wp-json\/wp\/v2\/pages\/99\/revisions\/712"}],"wp:attachment":[{"href":"https:\/\/detergentes.berolkemi.es\/index.php\/wp-json\/wp\/v2\/media?parent=99"}],"curies":[{"name":"wp","href":"https:\/\/api.w.org\/{rel}","templated":true}]}}